{"id":49791,"date":"2025-07-20T18:16:25","date_gmt":"2025-07-20T16:16:25","guid":{"rendered":"https:\/\/casacumbia.com\/product\/housse-de-coussin-grise-avec-perles-new-bright\/"},"modified":"2025-09-21T15:12:36","modified_gmt":"2025-09-21T13:12:36","slug":"housse-de-coussin-grise-avec-perles-new-bright","status":"publish","type":"product","link":"https:\/\/casacumbia.com\/en\/produit\/housse-de-coussin-grise-avec-perles-new-bright\/","title":{"rendered":"Housse de Coussin avec Perles Grise NEW BRIGHT"},"content":{"rendered":"<p>Rehaussez votre d\u00e9coration avec la housse de coussin grise de la collection NEW BRIGHT. Avec une broderie d\u00e9taill\u00e9e en perles qui apporte texture et sophistication, cette pi\u00e8ce de 45&#215;45 cm est parfaite pour compl\u00e9ter canap\u00e9s, lits ou chaises. Le ton neutre gris et le design \u00e9l\u00e9gant en font un choix polyvalent pour cr\u00e9er un environnement moderne et accueillant.  <\/p>\n","protected":false},"excerpt":{"rendered":"<p>Rehaussez votre d\u00e9coration avec la housse de coussin grise de la collection NEW BRIGHT. Avec une broderie d\u00e9taill\u00e9e en perles<\/p>\n","protected":false},"featured_media":30041,"comment_status":"closed","ping_status":"closed","template":"","meta":[],"product_brand":[],"product_cat":[238,182,204],"product_tag":[202,181,176,166],"class_list":{"0":"post-49791","1":"product","2":"type-product","3":"status-publish","4":"has-post-thumbnail","6":"product_cat-coussins","7":"product_cat-textiles-2","8":"product_cat-promotions-2","9":"product_tag-bienvenue","10":"product_tag-integre-pim","11":"product_tag-petites-dimensions","12":"product_tag-produits-en-ligne","14":"first","15":"instock","16":"sale","17":"shipping-taxable","18":"purchasable","19":"product-type-simple"},"_links":{"self":[{"href":"https:\/\/casacumbia.com\/en\/wp-json\/wp\/v2\/product\/49791","targetHints":{"allow":["GET"]}}],"collection":[{"href":"https:\/\/casacumbia.com\/en\/wp-json\/wp\/v2\/product"}],"about":[{"href":"https:\/\/casacumbia.com\/en\/wp-json\/wp\/v2\/types\/product"}],"replies":[{"embeddable":true,"href":"https:\/\/casacumbia.com\/en\/wp-json\/wp\/v2\/comments?post=49791"}],"version-history":[{"count":1,"href":"https:\/\/casacumbia.com\/en\/wp-json\/wp\/v2\/product\/49791\/revisions"}],"predecessor-version":[{"id":53607,"href":"https:\/\/casacumbia.com\/en\/wp-json\/wp\/v2\/product\/49791\/revisions\/53607"}],"wp:featuredmedia":[{"embeddable":true,"href":"https:\/\/casacumbia.com\/en\/wp-json\/wp\/v2\/media\/30041"}],"wp:attachment":[{"href":"https:\/\/casacumbia.com\/en\/wp-json\/wp\/v2\/media?parent=49791"}],"wp:term":[{"taxonomy":"product_brand","embeddable":true,"href":"https:\/\/casacumbia.com\/en\/wp-json\/wp\/v2\/product_brand?post=49791"},{"taxonomy":"product_cat","embeddable":true,"href":"https:\/\/casacumbia.com\/en\/wp-json\/wp\/v2\/product_cat?post=49791"},{"taxonomy":"product_tag","embeddable":true,"href":"https:\/\/casacumbia.com\/en\/wp-json\/wp\/v2\/product_tag?post=49791"}],"curies":[{"name":"wp","href":"https:\/\/api.w.org\/{rel}","templated":true}]}}