{"id":49786,"date":"2025-07-20T18:16:24","date_gmt":"2025-07-20T16:16:24","guid":{"rendered":"https:\/\/casacumbia.com\/product\/serviette-de-bain-en-coton-et-lin-avec-bordures-jacquard-katherine\/"},"modified":"2025-09-21T15:12:35","modified_gmt":"2025-09-21T13:12:35","slug":"serviette-de-bain-en-coton-et-lin-avec-bordures-jacquard-katherine","status":"publish","type":"product","link":"https:\/\/casacumbia.com\/en\/produit\/serviette-de-bain-en-coton-et-lin-avec-bordures-jacquard-katherine\/","title":{"rendered":"Serviette de Bain Coton et Lin avec Bandes en Jacquard KATHERINE"},"content":{"rendered":"<p>Serviette de Bain Coton et Lin avec Bandes en Jacquard KATHERINE. Une pi\u00e8ce essentielle de casacumbia, parfaite pour apporter une touche de style et de confort \u00e0 votre espace avec originalit\u00e9 et charme. <\/p>\n","protected":false},"excerpt":{"rendered":"<p>Serviette de Bain Coton et Lin avec Bandes en Jacquard KATHERINE. Une pi\u00e8ce essentielle de casacumbia, parfaite pour apporter une<\/p>\n","protected":false},"featured_media":30035,"comment_status":"closed","ping_status":"closed","template":"","meta":[],"product_brand":[],"product_cat":[299,134,204,197],"product_tag":[181,176,166],"class_list":{"0":"post-49786","1":"product","2":"type-product","3":"status-publish","4":"has-post-thumbnail","6":"product_cat-linge-de-bain","7":"product_cat-promotions","8":"product_cat-promotions-2","9":"product_cat-bath-2","10":"product_tag-integre-pim","11":"product_tag-petites-dimensions","12":"product_tag-produits-en-ligne","14":"first","15":"instock","16":"sale","17":"shipping-taxable","18":"purchasable","19":"product-type-simple"},"_links":{"self":[{"href":"https:\/\/casacumbia.com\/en\/wp-json\/wp\/v2\/product\/49786","targetHints":{"allow":["GET"]}}],"collection":[{"href":"https:\/\/casacumbia.com\/en\/wp-json\/wp\/v2\/product"}],"about":[{"href":"https:\/\/casacumbia.com\/en\/wp-json\/wp\/v2\/types\/product"}],"replies":[{"embeddable":true,"href":"https:\/\/casacumbia.com\/en\/wp-json\/wp\/v2\/comments?post=49786"}],"version-history":[{"count":2,"href":"https:\/\/casacumbia.com\/en\/wp-json\/wp\/v2\/product\/49786\/revisions"}],"predecessor-version":[{"id":53985,"href":"https:\/\/casacumbia.com\/en\/wp-json\/wp\/v2\/product\/49786\/revisions\/53985"}],"wp:featuredmedia":[{"embeddable":true,"href":"https:\/\/casacumbia.com\/en\/wp-json\/wp\/v2\/media\/30035"}],"wp:attachment":[{"href":"https:\/\/casacumbia.com\/en\/wp-json\/wp\/v2\/media?parent=49786"}],"wp:term":[{"taxonomy":"product_brand","embeddable":true,"href":"https:\/\/casacumbia.com\/en\/wp-json\/wp\/v2\/product_brand?post=49786"},{"taxonomy":"product_cat","embeddable":true,"href":"https:\/\/casacumbia.com\/en\/wp-json\/wp\/v2\/product_cat?post=49786"},{"taxonomy":"product_tag","embeddable":true,"href":"https:\/\/casacumbia.com\/en\/wp-json\/wp\/v2\/product_tag?post=49786"}],"curies":[{"name":"wp","href":"https:\/\/api.w.org\/{rel}","templated":true}]}}