{"id":49771,"date":"2025-07-20T18:15:58","date_gmt":"2025-07-20T16:15:58","guid":{"rendered":"https:\/\/casacumbia.com\/product\/housse-de-coussin-plissee-beige-grou\/"},"modified":"2025-09-21T15:12:30","modified_gmt":"2025-09-21T13:12:30","slug":"housse-de-coussin-plissee-beige-grou","status":"publish","type":"product","link":"https:\/\/casacumbia.com\/en\/produit\/housse-de-coussin-plissee-beige-grou\/","title":{"rendered":"Housse de Coussin \u00e0 Plis Beige GROU"},"content":{"rendered":"<p>La collection GROU s&#8217;inspire de l&#8217;oiseau asiatique Grou, qui est traditionnellement repr\u00e9sent\u00e9 en origami, alli\u00e9 \u00e0 la tradition orientale.<br \/>  Nous l&#8217;avons utilis\u00e9 comme symbole principal de la collection car il existe plusieurs superstitions, l\u00e9gendes et significations qui lui sont associ\u00e9es, comme le fait qu&#8217;il repr\u00e9sente la paix au foyer et la sant\u00e9 pour la famille.<br \/>  Au Japon, on croit que plier 1 000 origamis de grues tsurus en dirigeant son esprit vers un besoin garantit la r\u00e9alisation du souhait.<br \/>  Alli\u00e9e \u00e0 cette repr\u00e9sentation de celui qui est une ic\u00f4ne visuelle orientale, nous avons \u00e9galement joint une tradition textile japonaise qui consiste \u00e0 manipuler un tissu comme s&#8217;il s&#8217;agissait d&#8217;un origami de papier, cr\u00e9ant ainsi une texture compl\u00e8tement insolite et originale qui, m\u00e9lang\u00e9e aux textures traditionnelles, \u00e9quilibre la collection.<\/p>\n","protected":false},"excerpt":{"rendered":"<p>La collection GROU s&#8217;inspire de l&#8217;oiseau asiatique Grou, qui est traditionnellement repr\u00e9sent\u00e9 en origami, alli\u00e9 \u00e0 la tradition orientale. Nous<\/p>\n","protected":false},"featured_media":29799,"comment_status":"closed","ping_status":"closed","template":"","meta":[],"product_brand":[],"product_cat":[238,182,204],"product_tag":[181,176,166],"class_list":{"0":"post-49771","1":"product","2":"type-product","3":"status-publish","4":"has-post-thumbnail","6":"product_cat-coussins","7":"product_cat-textiles-2","8":"product_cat-promotions-2","9":"product_tag-integre-pim","10":"product_tag-petites-dimensions","11":"product_tag-produits-en-ligne","13":"first","14":"instock","15":"sale","16":"shipping-taxable","17":"purchasable","18":"product-type-simple"},"_links":{"self":[{"href":"https:\/\/casacumbia.com\/en\/wp-json\/wp\/v2\/product\/49771","targetHints":{"allow":["GET"]}}],"collection":[{"href":"https:\/\/casacumbia.com\/en\/wp-json\/wp\/v2\/product"}],"about":[{"href":"https:\/\/casacumbia.com\/en\/wp-json\/wp\/v2\/types\/product"}],"replies":[{"embeddable":true,"href":"https:\/\/casacumbia.com\/en\/wp-json\/wp\/v2\/comments?post=49771"}],"version-history":[{"count":1,"href":"https:\/\/casacumbia.com\/en\/wp-json\/wp\/v2\/product\/49771\/revisions"}],"predecessor-version":[{"id":53211,"href":"https:\/\/casacumbia.com\/en\/wp-json\/wp\/v2\/product\/49771\/revisions\/53211"}],"wp:featuredmedia":[{"embeddable":true,"href":"https:\/\/casacumbia.com\/en\/wp-json\/wp\/v2\/media\/29799"}],"wp:attachment":[{"href":"https:\/\/casacumbia.com\/en\/wp-json\/wp\/v2\/media?parent=49771"}],"wp:term":[{"taxonomy":"product_brand","embeddable":true,"href":"https:\/\/casacumbia.com\/en\/wp-json\/wp\/v2\/product_brand?post=49771"},{"taxonomy":"product_cat","embeddable":true,"href":"https:\/\/casacumbia.com\/en\/wp-json\/wp\/v2\/product_cat?post=49771"},{"taxonomy":"product_tag","embeddable":true,"href":"https:\/\/casacumbia.com\/en\/wp-json\/wp\/v2\/product_tag?post=49771"}],"curies":[{"name":"wp","href":"https:\/\/api.w.org\/{rel}","templated":true}]}}