{"id":49770,"date":"2025-07-20T18:16:07","date_gmt":"2025-07-20T16:16:07","guid":{"rendered":"https:\/\/casacumbia.com\/product\/ensemble-danneaux-pour-tringle-a-rideaux-noir-tribeca\/"},"modified":"2025-09-21T15:12:30","modified_gmt":"2025-09-21T13:12:30","slug":"ensemble-danneaux-pour-tringle-a-rideaux-noir-tribeca","status":"publish","type":"product","link":"https:\/\/casacumbia.com\/en\/produit\/ensemble-danneaux-pour-tringle-a-rideaux-noir-tribeca\/","title":{"rendered":"Ensemble d&#8217;Anneaux pour Tringle Noir TRIBECA"},"content":{"rendered":"<p>Ensemble d&#8217;Anneaux pour Tringle Noir TRIBECA. Une pi\u00e8ce essentielle de casacumbia, parfaite pour apporter une touche de style et de confort \u00e0 votre espace avec originalit\u00e9 et charme. <\/p>\n","protected":false},"excerpt":{"rendered":"<p>Ensemble d&#8217;Anneaux pour Tringle Noir TRIBECA. Une pi\u00e8ce essentielle de casacumbia, parfaite pour apporter une touche de style et de<\/p>\n","protected":false},"featured_media":29819,"comment_status":"closed","ping_status":"closed","template":"","meta":[],"product_brand":[],"product_cat":[266,204],"product_tag":[181,176,166],"class_list":{"0":"post-49770","1":"product","2":"type-product","3":"status-publish","4":"has-post-thumbnail","6":"product_cat-poubelle","7":"product_cat-promotions-2","8":"product_tag-integre-pim","9":"product_tag-petites-dimensions","10":"product_tag-produits-en-ligne","12":"first","13":"instock","14":"sale","15":"shipping-taxable","16":"purchasable","17":"product-type-simple"},"_links":{"self":[{"href":"https:\/\/casacumbia.com\/en\/wp-json\/wp\/v2\/product\/49770","targetHints":{"allow":["GET"]}}],"collection":[{"href":"https:\/\/casacumbia.com\/en\/wp-json\/wp\/v2\/product"}],"about":[{"href":"https:\/\/casacumbia.com\/en\/wp-json\/wp\/v2\/types\/product"}],"replies":[{"embeddable":true,"href":"https:\/\/casacumbia.com\/en\/wp-json\/wp\/v2\/comments?post=49770"}],"version-history":[{"count":2,"href":"https:\/\/casacumbia.com\/en\/wp-json\/wp\/v2\/product\/49770\/revisions"}],"predecessor-version":[{"id":53981,"href":"https:\/\/casacumbia.com\/en\/wp-json\/wp\/v2\/product\/49770\/revisions\/53981"}],"wp:featuredmedia":[{"embeddable":true,"href":"https:\/\/casacumbia.com\/en\/wp-json\/wp\/v2\/media\/29819"}],"wp:attachment":[{"href":"https:\/\/casacumbia.com\/en\/wp-json\/wp\/v2\/media?parent=49770"}],"wp:term":[{"taxonomy":"product_brand","embeddable":true,"href":"https:\/\/casacumbia.com\/en\/wp-json\/wp\/v2\/product_brand?post=49770"},{"taxonomy":"product_cat","embeddable":true,"href":"https:\/\/casacumbia.com\/en\/wp-json\/wp\/v2\/product_cat?post=49770"},{"taxonomy":"product_tag","embeddable":true,"href":"https:\/\/casacumbia.com\/en\/wp-json\/wp\/v2\/product_tag?post=49770"}],"curies":[{"name":"wp","href":"https:\/\/api.w.org\/{rel}","templated":true}]}}