{"id":49768,"date":"2025-07-20T18:16:07","date_gmt":"2025-07-20T16:16:07","guid":{"rendered":"https:\/\/casacumbia.com\/product\/tringle-a-rideau-extensible-d28-noire-tribeca\/"},"modified":"2025-09-21T15:12:30","modified_gmt":"2025-09-21T13:12:30","slug":"tringle-a-rideau-extensible-d28-noire-tribeca","status":"publish","type":"product","link":"https:\/\/casacumbia.com\/en\/produit\/tringle-a-rideau-extensible-d28-noire-tribeca\/","title":{"rendered":"Tringle \u00e0 Rideau Extensible D28 Noir TRIBECA"},"content":{"rendered":"<p>Tringle \u00e0 Rideau Extensible D28 Noir TRIBECA. Une pi\u00e8ce essentielle de casacumbia, parfaite pour apporter une touche de style et de confort \u00e0 votre espace avec originalit\u00e9 et charme. <\/p>\n","protected":false},"excerpt":{"rendered":"<p>Tringle \u00e0 Rideau Extensible D28 Noir TRIBECA. Une pi\u00e8ce essentielle de casacumbia, parfaite pour apporter une touche de style et<\/p>\n","protected":false},"featured_media":29821,"comment_status":"closed","ping_status":"closed","template":"","meta":[],"product_brand":[],"product_cat":[182,204,239],"product_tag":[181,176,166],"class_list":{"0":"post-49768","1":"product","2":"type-product","3":"status-publish","4":"has-post-thumbnail","6":"product_cat-textiles-2","7":"product_cat-promotions-2","8":"product_cat-rideaux","9":"product_tag-integre-pim","10":"product_tag-petites-dimensions","11":"product_tag-produits-en-ligne","13":"first","14":"instock","15":"sale","16":"shipping-taxable","17":"purchasable","18":"product-type-simple"},"_links":{"self":[{"href":"https:\/\/casacumbia.com\/en\/wp-json\/wp\/v2\/product\/49768","targetHints":{"allow":["GET"]}}],"collection":[{"href":"https:\/\/casacumbia.com\/en\/wp-json\/wp\/v2\/product"}],"about":[{"href":"https:\/\/casacumbia.com\/en\/wp-json\/wp\/v2\/types\/product"}],"replies":[{"embeddable":true,"href":"https:\/\/casacumbia.com\/en\/wp-json\/wp\/v2\/comments?post=49768"}],"version-history":[{"count":2,"href":"https:\/\/casacumbia.com\/en\/wp-json\/wp\/v2\/product\/49768\/revisions"}],"predecessor-version":[{"id":53980,"href":"https:\/\/casacumbia.com\/en\/wp-json\/wp\/v2\/product\/49768\/revisions\/53980"}],"wp:featuredmedia":[{"embeddable":true,"href":"https:\/\/casacumbia.com\/en\/wp-json\/wp\/v2\/media\/29821"}],"wp:attachment":[{"href":"https:\/\/casacumbia.com\/en\/wp-json\/wp\/v2\/media?parent=49768"}],"wp:term":[{"taxonomy":"product_brand","embeddable":true,"href":"https:\/\/casacumbia.com\/en\/wp-json\/wp\/v2\/product_brand?post=49768"},{"taxonomy":"product_cat","embeddable":true,"href":"https:\/\/casacumbia.com\/en\/wp-json\/wp\/v2\/product_cat?post=49768"},{"taxonomy":"product_tag","embeddable":true,"href":"https:\/\/casacumbia.com\/en\/wp-json\/wp\/v2\/product_tag?post=49768"}],"curies":[{"name":"wp","href":"https:\/\/api.w.org\/{rel}","templated":true}]}}