{"id":49766,"date":"2025-07-20T18:16:07","date_gmt":"2025-07-20T16:16:07","guid":{"rendered":"https:\/\/casacumbia.com\/product\/assiette-de-presentation-beige-factory\/"},"modified":"2025-09-21T15:12:29","modified_gmt":"2025-09-21T13:12:29","slug":"assiette-de-presentation-beige-factory","status":"publish","type":"product","link":"https:\/\/casacumbia.com\/en\/produit\/assiette-de-presentation-beige-factory\/","title":{"rendered":"Assiette de Pr\u00e9sentation Beige FACTORY"},"content":{"rendered":"<p>Dans le Service Factory, chaque pi\u00e8ce est unique, en fa\u00efence, une c\u00e9ramique blanche moins riche en kaolin que la porcelaine, produite \u00e0 basse temp\u00e9rature, avec cuisson \u00e0 haute temp\u00e9rature, assez r\u00e9sistante, mais tr\u00e8s poreuse, c&#8217;est pourquoi elle n\u00e9cessite de passer par un processus d&#8217;\u00e9maillage.<br \/>Compos\u00e9 d&#8217;un Bol, d&#8217;une Assiette \u00e0 dessert D21 cm, d&#8217;une Assiette plate D26,5 cm en blanc, beige et gris et encore de l&#8217;Assiette de pr\u00e9sentation D30 cm id\u00e9ale \u00e0 des fins d\u00e9coratives, de repas ou pour servir.<br \/>Conseil casacumbia : Associez avec nappe et serviettes en lin de notre ligne JACKIE.<\/p>\n","protected":false},"excerpt":{"rendered":"<p>Dans le Service Factory, chaque pi\u00e8ce est unique, en fa\u00efence, une c\u00e9ramique blanche moins riche en kaolin que la porcelaine,<\/p>\n","protected":false},"featured_media":29823,"comment_status":"closed","ping_status":"closed","template":"","meta":[],"product_brand":[],"product_cat":[283,174,204],"product_tag":[181,176,166],"class_list":{"0":"post-49766","1":"product","2":"type-product","3":"status-publish","4":"has-post-thumbnail","6":"product_cat-assiettes","7":"product_cat-kitchen-2","8":"product_cat-promotions-2","9":"product_tag-integre-pim","10":"product_tag-petites-dimensions","11":"product_tag-produits-en-ligne","13":"first","14":"instock","15":"sale","16":"shipping-taxable","17":"purchasable","18":"product-type-simple"},"_links":{"self":[{"href":"https:\/\/casacumbia.com\/en\/wp-json\/wp\/v2\/product\/49766","targetHints":{"allow":["GET"]}}],"collection":[{"href":"https:\/\/casacumbia.com\/en\/wp-json\/wp\/v2\/product"}],"about":[{"href":"https:\/\/casacumbia.com\/en\/wp-json\/wp\/v2\/types\/product"}],"replies":[{"embeddable":true,"href":"https:\/\/casacumbia.com\/en\/wp-json\/wp\/v2\/comments?post=49766"}],"version-history":[{"count":2,"href":"https:\/\/casacumbia.com\/en\/wp-json\/wp\/v2\/product\/49766\/revisions"}],"predecessor-version":[{"id":53978,"href":"https:\/\/casacumbia.com\/en\/wp-json\/wp\/v2\/product\/49766\/revisions\/53978"}],"wp:featuredmedia":[{"embeddable":true,"href":"https:\/\/casacumbia.com\/en\/wp-json\/wp\/v2\/media\/29823"}],"wp:attachment":[{"href":"https:\/\/casacumbia.com\/en\/wp-json\/wp\/v2\/media?parent=49766"}],"wp:term":[{"taxonomy":"product_brand","embeddable":true,"href":"https:\/\/casacumbia.com\/en\/wp-json\/wp\/v2\/product_brand?post=49766"},{"taxonomy":"product_cat","embeddable":true,"href":"https:\/\/casacumbia.com\/en\/wp-json\/wp\/v2\/product_cat?post=49766"},{"taxonomy":"product_tag","embeddable":true,"href":"https:\/\/casacumbia.com\/en\/wp-json\/wp\/v2\/product_tag?post=49766"}],"curies":[{"name":"wp","href":"https:\/\/api.w.org\/{rel}","templated":true}]}}