{"id":49761,"date":"2025-07-20T18:16:07","date_gmt":"2025-07-20T16:16:07","guid":{"rendered":"https:\/\/casacumbia.com\/product\/feuilles-de-tasse-vertes-asia\/"},"modified":"2025-09-21T15:12:28","modified_gmt":"2025-09-21T13:12:28","slug":"feuilles-de-tasse-vertes-asia","status":"publish","type":"product","link":"https:\/\/casacumbia.com\/en\/produit\/feuilles-de-tasse-vertes-asia\/","title":{"rendered":"Bol Leaves Verte ASIA"},"content":{"rendered":"<p>Donnez \u00e0 votre table une touche exotique avec la ligne Asia. Une vari\u00e9t\u00e9 unique de motifs alli\u00e9e \u00e0 des tons chauds et vibrants.<\/p>\n<p>Ces pi\u00e8ces originales sont fabriqu\u00e9es en porcelaine, ce qui leur conf\u00e8re un niveau \u00e9lev\u00e9 de r\u00e9sistance, une faible porosit\u00e9 et une haute densit\u00e9 qui, au quotidien, leur apportent durabilit\u00e9, innocuit\u00e9, toucher doux et beaut\u00e9.<\/p>\n","protected":false},"excerpt":{"rendered":"<p>Donnez \u00e0 votre table une touche exotique avec la ligne Asia. Une vari\u00e9t\u00e9 unique de motifs alli\u00e9e \u00e0 des tons<\/p>\n","protected":false},"featured_media":29847,"comment_status":"closed","ping_status":"closed","template":"","meta":[],"product_brand":[],"product_cat":[171,280,204],"product_tag":[181,176,166],"class_list":{"0":"post-49761","1":"product","2":"type-product","3":"status-publish","4":"has-post-thumbnail","6":"product_cat-table-2","7":"product_cat-platsetbol","8":"product_cat-promotions-2","9":"product_tag-integre-pim","10":"product_tag-petites-dimensions","11":"product_tag-produits-en-ligne","13":"first","14":"instock","15":"sale","16":"shipping-taxable","17":"purchasable","18":"product-type-simple"},"_links":{"self":[{"href":"https:\/\/casacumbia.com\/en\/wp-json\/wp\/v2\/product\/49761","targetHints":{"allow":["GET"]}}],"collection":[{"href":"https:\/\/casacumbia.com\/en\/wp-json\/wp\/v2\/product"}],"about":[{"href":"https:\/\/casacumbia.com\/en\/wp-json\/wp\/v2\/types\/product"}],"replies":[{"embeddable":true,"href":"https:\/\/casacumbia.com\/en\/wp-json\/wp\/v2\/comments?post=49761"}],"version-history":[{"count":2,"href":"https:\/\/casacumbia.com\/en\/wp-json\/wp\/v2\/product\/49761\/revisions"}],"predecessor-version":[{"id":54359,"href":"https:\/\/casacumbia.com\/en\/wp-json\/wp\/v2\/product\/49761\/revisions\/54359"}],"wp:featuredmedia":[{"embeddable":true,"href":"https:\/\/casacumbia.com\/en\/wp-json\/wp\/v2\/media\/29847"}],"wp:attachment":[{"href":"https:\/\/casacumbia.com\/en\/wp-json\/wp\/v2\/media?parent=49761"}],"wp:term":[{"taxonomy":"product_brand","embeddable":true,"href":"https:\/\/casacumbia.com\/en\/wp-json\/wp\/v2\/product_brand?post=49761"},{"taxonomy":"product_cat","embeddable":true,"href":"https:\/\/casacumbia.com\/en\/wp-json\/wp\/v2\/product_cat?post=49761"},{"taxonomy":"product_tag","embeddable":true,"href":"https:\/\/casacumbia.com\/en\/wp-json\/wp\/v2\/product_tag?post=49761"}],"curies":[{"name":"wp","href":"https:\/\/api.w.org\/{rel}","templated":true}]}}