{"id":49686,"date":"2025-07-20T18:15:33","date_gmt":"2025-07-20T16:15:33","guid":{"rendered":"https:\/\/casacumbia.com\/product\/rembourrage-pour-coussin-de-chaise-filler\/"},"modified":"2025-09-21T15:12:03","modified_gmt":"2025-09-21T13:12:03","slug":"rembourrage-pour-coussin-de-chaise-filler","status":"publish","type":"product","link":"https:\/\/casacumbia.com\/en\/produit\/rembourrage-pour-coussin-de-chaise-filler\/","title":{"rendered":"Rembourrage pour Coussin de Chaise FILLER"},"content":{"rendered":"<p>Le garnissage de coussin est un \u00e9l\u00e9ment fondamental dans la d\u00e9coration. Les garnissages garantissent le volume id\u00e9al pour le coussin, un toucher moelleux et une durabilit\u00e9. <\/p>\n","protected":false},"excerpt":{"rendered":"<p>Le garnissage de coussin est un \u00e9l\u00e9ment fondamental dans la d\u00e9coration. Les garnissages garantissent le volume id\u00e9al pour le coussin,<\/p>\n","protected":false},"featured_media":29480,"comment_status":"closed","ping_status":"closed","template":"","meta":[],"product_brand":[],"product_cat":[238,182,204],"product_tag":[181,176,166],"class_list":{"0":"post-49686","1":"product","2":"type-product","3":"status-publish","4":"has-post-thumbnail","6":"product_cat-coussins","7":"product_cat-textiles-2","8":"product_cat-promotions-2","9":"product_tag-integre-pim","10":"product_tag-petites-dimensions","11":"product_tag-produits-en-ligne","13":"first","14":"instock","15":"sale","16":"shipping-taxable","17":"purchasable","18":"product-type-simple"},"_links":{"self":[{"href":"https:\/\/casacumbia.com\/en\/wp-json\/wp\/v2\/product\/49686","targetHints":{"allow":["GET"]}}],"collection":[{"href":"https:\/\/casacumbia.com\/en\/wp-json\/wp\/v2\/product"}],"about":[{"href":"https:\/\/casacumbia.com\/en\/wp-json\/wp\/v2\/types\/product"}],"replies":[{"embeddable":true,"href":"https:\/\/casacumbia.com\/en\/wp-json\/wp\/v2\/comments?post=49686"}],"version-history":[{"count":1,"href":"https:\/\/casacumbia.com\/en\/wp-json\/wp\/v2\/product\/49686\/revisions"}],"predecessor-version":[{"id":53726,"href":"https:\/\/casacumbia.com\/en\/wp-json\/wp\/v2\/product\/49686\/revisions\/53726"}],"wp:featuredmedia":[{"embeddable":true,"href":"https:\/\/casacumbia.com\/en\/wp-json\/wp\/v2\/media\/29480"}],"wp:attachment":[{"href":"https:\/\/casacumbia.com\/en\/wp-json\/wp\/v2\/media?parent=49686"}],"wp:term":[{"taxonomy":"product_brand","embeddable":true,"href":"https:\/\/casacumbia.com\/en\/wp-json\/wp\/v2\/product_brand?post=49686"},{"taxonomy":"product_cat","embeddable":true,"href":"https:\/\/casacumbia.com\/en\/wp-json\/wp\/v2\/product_cat?post=49686"},{"taxonomy":"product_tag","embeddable":true,"href":"https:\/\/casacumbia.com\/en\/wp-json\/wp\/v2\/product_tag?post=49686"}],"curies":[{"name":"wp","href":"https:\/\/api.w.org\/{rel}","templated":true}]}}