{"id":49681,"date":"2025-07-20T18:15:33","date_gmt":"2025-07-20T16:15:33","guid":{"rendered":"https:\/\/casacumbia.com\/product\/verre-a-pied-bas-aubergine-coroa\/"},"modified":"2025-09-21T15:12:02","modified_gmt":"2025-09-21T13:12:02","slug":"verre-a-pied-bas-aubergine-coroa","status":"publish","type":"product","link":"https:\/\/casacumbia.com\/en\/produit\/verre-a-pied-bas-aubergine-coroa\/","title":{"rendered":"Verre \u00e0 Pied Bas Aubergine COROA"},"content":{"rendered":"<p>COROA est une collection de verres en verre \u00e9pais qui allie force et \u00e9l\u00e9gance. Avec des d\u00e9tails en relief et une couronne imposante, chaque pi\u00e8ce transmet noblesse et distinction, id\u00e9ale pour ceux qui appr\u00e9cient un design marquant et une qualit\u00e9 premium en toutes occasions. <\/p>\n","protected":false},"excerpt":{"rendered":"<p>COROA est une collection de verres en verre \u00e9pais qui allie force et \u00e9l\u00e9gance. Avec des d\u00e9tails en relief et<\/p>\n","protected":false},"featured_media":29490,"comment_status":"closed","ping_status":"closed","template":"","meta":[],"product_brand":[],"product_cat":[255],"product_tag":[181,176,166],"class_list":{"0":"post-49681","1":"product","2":"type-product","3":"status-publish","4":"has-post-thumbnail","6":"product_cat-verres","7":"product_tag-integre-pim","8":"product_tag-petites-dimensions","9":"product_tag-produits-en-ligne","11":"first","12":"instock","13":"shipping-taxable","14":"purchasable","15":"product-type-simple"},"_links":{"self":[{"href":"https:\/\/casacumbia.com\/en\/wp-json\/wp\/v2\/product\/49681","targetHints":{"allow":["GET"]}}],"collection":[{"href":"https:\/\/casacumbia.com\/en\/wp-json\/wp\/v2\/product"}],"about":[{"href":"https:\/\/casacumbia.com\/en\/wp-json\/wp\/v2\/types\/product"}],"replies":[{"embeddable":true,"href":"https:\/\/casacumbia.com\/en\/wp-json\/wp\/v2\/comments?post=49681"}],"version-history":[{"count":1,"href":"https:\/\/casacumbia.com\/en\/wp-json\/wp\/v2\/product\/49681\/revisions"}],"predecessor-version":[{"id":53255,"href":"https:\/\/casacumbia.com\/en\/wp-json\/wp\/v2\/product\/49681\/revisions\/53255"}],"wp:featuredmedia":[{"embeddable":true,"href":"https:\/\/casacumbia.com\/en\/wp-json\/wp\/v2\/media\/29490"}],"wp:attachment":[{"href":"https:\/\/casacumbia.com\/en\/wp-json\/wp\/v2\/media?parent=49681"}],"wp:term":[{"taxonomy":"product_brand","embeddable":true,"href":"https:\/\/casacumbia.com\/en\/wp-json\/wp\/v2\/product_brand?post=49681"},{"taxonomy":"product_cat","embeddable":true,"href":"https:\/\/casacumbia.com\/en\/wp-json\/wp\/v2\/product_cat?post=49681"},{"taxonomy":"product_tag","embeddable":true,"href":"https:\/\/casacumbia.com\/en\/wp-json\/wp\/v2\/product_tag?post=49681"}],"curies":[{"name":"wp","href":"https:\/\/api.w.org\/{rel}","templated":true}]}}