{"id":49678,"date":"2025-07-20T18:15:33","date_gmt":"2025-07-20T16:15:33","guid":{"rendered":"https:\/\/casacumbia.com\/product\/matelas-a-ressorts-ensaches-mi-ferme-140x200-aquila\/"},"modified":"2025-09-21T15:12:01","modified_gmt":"2025-09-21T13:12:01","slug":"matelas-a-ressorts-ensaches-mi-ferme-140x200-aquila","status":"publish","type":"product","link":"https:\/\/casacumbia.com\/en\/produit\/matelas-a-ressorts-ensaches-mi-ferme-140x200-aquila\/","title":{"rendered":"Matelas \u00e0 Ressorts Ensach\u00e9s Fermet\u00e9 Moyenne 140&#215;200 AQUILA"},"content":{"rendered":"<p>Matelas \u00e0 Ressorts Ensach\u00e9s Fermet\u00e9 Moyenne 140&#215;200 AQUILA. Une pi\u00e8ce essentielle de casacumbia, parfaite pour apporter une touche de style et de confort \u00e0 votre espace avec originalit\u00e9 et charme. <\/p>\n","protected":false},"excerpt":{"rendered":"<p>Matelas \u00e0 Ressorts Ensach\u00e9s Fermet\u00e9 Moyenne 140&#215;200 AQUILA. Une pi\u00e8ce essentielle de casacumbia, parfaite pour apporter une touche de style<\/p>\n","protected":false},"featured_media":29492,"comment_status":"closed","ping_status":"closed","template":"","meta":[],"product_brand":[],"product_cat":[249,149],"product_tag":[186,187,188,190,166,195,191,192,193,194,196,198,199],"class_list":{"0":"post-49678","1":"product","2":"type-product","3":"status-publish","4":"has-post-thumbnail","6":"product_cat-matelas","7":"product_cat-furniture-2","8":"product_tag-boutique_es_en","9":"product_tag-store_es_es-fr","10":"product_tag-store_es_fr-fr","11":"product_tag-boutique_es_pt","12":"product_tag-produits-en-ligne","13":"product_tag-store_default-fr","14":"product_tag-boutique_fr_en","15":"product_tag-boutique_fr_es","16":"product_tag-boutique_fr_fr","17":"product_tag-boutique_fr_pt","18":"product_tag-store_pt_en-fr","19":"product_tag-store_pt_es-fr","20":"product_tag-store_pt_fr-fr","22":"first","23":"instock","24":"shipping-taxable","25":"purchasable","26":"product-type-simple"},"_links":{"self":[{"href":"https:\/\/casacumbia.com\/en\/wp-json\/wp\/v2\/product\/49678","targetHints":{"allow":["GET"]}}],"collection":[{"href":"https:\/\/casacumbia.com\/en\/wp-json\/wp\/v2\/product"}],"about":[{"href":"https:\/\/casacumbia.com\/en\/wp-json\/wp\/v2\/types\/product"}],"replies":[{"embeddable":true,"href":"https:\/\/casacumbia.com\/en\/wp-json\/wp\/v2\/comments?post=49678"}],"version-history":[{"count":2,"href":"https:\/\/casacumbia.com\/en\/wp-json\/wp\/v2\/product\/49678\/revisions"}],"predecessor-version":[{"id":53969,"href":"https:\/\/casacumbia.com\/en\/wp-json\/wp\/v2\/product\/49678\/revisions\/53969"}],"wp:featuredmedia":[{"embeddable":true,"href":"https:\/\/casacumbia.com\/en\/wp-json\/wp\/v2\/media\/29492"}],"wp:attachment":[{"href":"https:\/\/casacumbia.com\/en\/wp-json\/wp\/v2\/media?parent=49678"}],"wp:term":[{"taxonomy":"product_brand","embeddable":true,"href":"https:\/\/casacumbia.com\/en\/wp-json\/wp\/v2\/product_brand?post=49678"},{"taxonomy":"product_cat","embeddable":true,"href":"https:\/\/casacumbia.com\/en\/wp-json\/wp\/v2\/product_cat?post=49678"},{"taxonomy":"product_tag","embeddable":true,"href":"https:\/\/casacumbia.com\/en\/wp-json\/wp\/v2\/product_tag?post=49678"}],"curies":[{"name":"wp","href":"https:\/\/api.w.org\/{rel}","templated":true}]}}