{"id":49671,"date":"2025-07-20T18:15:34","date_gmt":"2025-07-20T16:15:34","guid":{"rendered":"https:\/\/casacumbia.com\/product\/drap-plat-en-coton-stonewash-blanc-160x280-paris\/"},"modified":"2025-09-21T15:11:59","modified_gmt":"2025-09-21T13:11:59","slug":"drap-plat-en-coton-stonewash-blanc-160x280-paris","status":"publish","type":"product","link":"https:\/\/casacumbia.com\/en\/produit\/drap-plat-en-coton-stonewash-blanc-160x280-paris\/","title":{"rendered":"Drap du dessus Coton Stonewash Blanc 160&#215;280 PARIS"},"content":{"rendered":"<p>La collection Paris se distingue par son \u00e9l\u00e9gance, sa sophistication et sa modernit\u00e9. Le nombre de fils est de 300 fils, ce qui conf\u00e8re une qualit\u00e9 sup\u00e9rieure et une plus grande durabilit\u00e9. <br \/>  Une collection avec finition Stonewash o\u00f9 la teinture et le lavage appliqu\u00e9s \u00e0 la pi\u00e8ce apr\u00e8s confection conf\u00e8rent un aspect plus us\u00e9 aux coutures et un toucher plus doux<\/p>\n","protected":false},"excerpt":{"rendered":"<p>La collection Paris se distingue par son \u00e9l\u00e9gance, sa sophistication et sa modernit\u00e9. Le nombre de fils est de 300<\/p>\n","protected":false},"featured_media":29533,"comment_status":"closed","ping_status":"closed","template":"","meta":[],"product_brand":[],"product_cat":[328,182,204],"product_tag":[181,176,166],"class_list":{"0":"post-49671","1":"product","2":"type-product","3":"status-publish","4":"has-post-thumbnail","6":"product_cat-draps-de-dessus","7":"product_cat-textiles-2","8":"product_cat-promotions-2","9":"product_tag-integre-pim","10":"product_tag-petites-dimensions","11":"product_tag-produits-en-ligne","13":"first","14":"instock","15":"sale","16":"shipping-taxable","17":"purchasable","18":"product-type-simple"},"_links":{"self":[{"href":"https:\/\/casacumbia.com\/en\/wp-json\/wp\/v2\/product\/49671","targetHints":{"allow":["GET"]}}],"collection":[{"href":"https:\/\/casacumbia.com\/en\/wp-json\/wp\/v2\/product"}],"about":[{"href":"https:\/\/casacumbia.com\/en\/wp-json\/wp\/v2\/types\/product"}],"replies":[{"embeddable":true,"href":"https:\/\/casacumbia.com\/en\/wp-json\/wp\/v2\/comments?post=49671"}],"version-history":[{"count":1,"href":"https:\/\/casacumbia.com\/en\/wp-json\/wp\/v2\/product\/49671\/revisions"}],"predecessor-version":[{"id":53736,"href":"https:\/\/casacumbia.com\/en\/wp-json\/wp\/v2\/product\/49671\/revisions\/53736"}],"wp:featuredmedia":[{"embeddable":true,"href":"https:\/\/casacumbia.com\/en\/wp-json\/wp\/v2\/media\/29533"}],"wp:attachment":[{"href":"https:\/\/casacumbia.com\/en\/wp-json\/wp\/v2\/media?parent=49671"}],"wp:term":[{"taxonomy":"product_brand","embeddable":true,"href":"https:\/\/casacumbia.com\/en\/wp-json\/wp\/v2\/product_brand?post=49671"},{"taxonomy":"product_cat","embeddable":true,"href":"https:\/\/casacumbia.com\/en\/wp-json\/wp\/v2\/product_cat?post=49671"},{"taxonomy":"product_tag","embeddable":true,"href":"https:\/\/casacumbia.com\/en\/wp-json\/wp\/v2\/product_tag?post=49671"}],"curies":[{"name":"wp","href":"https:\/\/api.w.org\/{rel}","templated":true}]}}