{"id":49670,"date":"2025-07-20T18:15:34","date_gmt":"2025-07-20T16:15:34","guid":{"rendered":"https:\/\/casacumbia.com\/product\/plat-ovale-breeze\/"},"modified":"2025-09-21T15:11:59","modified_gmt":"2025-09-21T13:11:59","slug":"plat-ovale-breeze","status":"publish","type":"product","link":"https:\/\/casacumbia.com\/en\/produit\/plat-ovale-breeze\/","title":{"rendered":"Plat Oval BREEZE"},"content":{"rendered":"<p>Le service Breeze est une v\u00e9ritable brise sur votre table, dont l&#8217;effet martel\u00e9 de la porcelaine nous transporte vers les formes irr\u00e9guli\u00e8res de la nature, comme l&#8217;ondulation de la mer.<br \/>Ces pi\u00e8ces originales sont fabriqu\u00e9es en porcelaine, ce qui leur conf\u00e8re un niveau \u00e9lev\u00e9 de r\u00e9sistance, une faible porosit\u00e9 et une haute densit\u00e9 qui, au quotidien, leur apportent durabilit\u00e9, innocuit\u00e9, toucher doux et beaut\u00e9.<\/p>\n","protected":false},"excerpt":{"rendered":"<p>Le service Breeze est une v\u00e9ritable brise sur votre table, dont l&#8217;effet martel\u00e9 de la porcelaine nous transporte vers les<\/p>\n","protected":false},"featured_media":29516,"comment_status":"closed","ping_status":"closed","template":"","meta":[],"product_brand":[],"product_cat":[280],"product_tag":[181,176,166],"class_list":{"0":"post-49670","1":"product","2":"type-product","3":"status-publish","4":"has-post-thumbnail","6":"product_cat-platsetbol","7":"product_tag-integre-pim","8":"product_tag-petites-dimensions","9":"product_tag-produits-en-ligne","11":"first","12":"instock","13":"shipping-taxable","14":"purchasable","15":"product-type-simple"},"_links":{"self":[{"href":"https:\/\/casacumbia.com\/en\/wp-json\/wp\/v2\/product\/49670","targetHints":{"allow":["GET"]}}],"collection":[{"href":"https:\/\/casacumbia.com\/en\/wp-json\/wp\/v2\/product"}],"about":[{"href":"https:\/\/casacumbia.com\/en\/wp-json\/wp\/v2\/types\/product"}],"replies":[{"embeddable":true,"href":"https:\/\/casacumbia.com\/en\/wp-json\/wp\/v2\/comments?post=49670"}],"version-history":[{"count":1,"href":"https:\/\/casacumbia.com\/en\/wp-json\/wp\/v2\/product\/49670\/revisions"}],"predecessor-version":[{"id":53261,"href":"https:\/\/casacumbia.com\/en\/wp-json\/wp\/v2\/product\/49670\/revisions\/53261"}],"wp:featuredmedia":[{"embeddable":true,"href":"https:\/\/casacumbia.com\/en\/wp-json\/wp\/v2\/media\/29516"}],"wp:attachment":[{"href":"https:\/\/casacumbia.com\/en\/wp-json\/wp\/v2\/media?parent=49670"}],"wp:term":[{"taxonomy":"product_brand","embeddable":true,"href":"https:\/\/casacumbia.com\/en\/wp-json\/wp\/v2\/product_brand?post=49670"},{"taxonomy":"product_cat","embeddable":true,"href":"https:\/\/casacumbia.com\/en\/wp-json\/wp\/v2\/product_cat?post=49670"},{"taxonomy":"product_tag","embeddable":true,"href":"https:\/\/casacumbia.com\/en\/wp-json\/wp\/v2\/product_tag?post=49670"}],"curies":[{"name":"wp","href":"https:\/\/api.w.org\/{rel}","templated":true}]}}