{"id":49664,"date":"2025-07-20T18:15:42","date_gmt":"2025-07-20T16:15:42","guid":{"rendered":"https:\/\/casacumbia.com\/product\/verre-bas-minimal\/"},"modified":"2025-09-21T15:11:56","modified_gmt":"2025-09-21T13:11:56","slug":"verre-bas-minimal","status":"publish","type":"product","link":"https:\/\/casacumbia.com\/en\/produit\/verre-bas-minimal\/","title":{"rendered":"Verre Bas MINIMAL"},"content":{"rendered":"<p><span data-sheets-root=\"1\">Collection MINIMAL \u2013 La Beaut\u00e9 de la Simplicit\u00e9<br \/>Lignes pures, formes essentielles et une pr\u00e9sence discr\u00e8te \u2013 la collection MINIMAL c\u00e9l\u00e8bre l&#8217;essentiel. Cr\u00e9\u00e9e pour le quotidien, cette ligne de verres allie fonctionnalit\u00e9 et \u00e9l\u00e9gance dans un design \u00e9pur\u00e9, qui s&#8217;adapte \u00e0 tout style de table. Moins, c&#8217;est plus.  <\/span><\/p>\n","protected":false},"excerpt":{"rendered":"<p>Collection MINIMAL \u2013 La Beaut\u00e9 de la Simplicit\u00e9Lignes pures, formes essentielles et une pr\u00e9sence discr\u00e8te \u2013 la collection MINIMAL c\u00e9l\u00e8bre<\/p>\n","protected":false},"featured_media":29556,"comment_status":"closed","ping_status":"closed","template":"","meta":[],"product_brand":[],"product_cat":[255],"product_tag":[181,176,166],"class_list":{"0":"post-49664","1":"product","2":"type-product","3":"status-publish","4":"has-post-thumbnail","6":"product_cat-verres","7":"product_tag-integre-pim","8":"product_tag-petites-dimensions","9":"product_tag-produits-en-ligne","11":"first","12":"instock","13":"shipping-taxable","14":"purchasable","15":"product-type-simple"},"_links":{"self":[{"href":"https:\/\/casacumbia.com\/en\/wp-json\/wp\/v2\/product\/49664","targetHints":{"allow":["GET"]}}],"collection":[{"href":"https:\/\/casacumbia.com\/en\/wp-json\/wp\/v2\/product"}],"about":[{"href":"https:\/\/casacumbia.com\/en\/wp-json\/wp\/v2\/types\/product"}],"replies":[{"embeddable":true,"href":"https:\/\/casacumbia.com\/en\/wp-json\/wp\/v2\/comments?post=49664"}],"version-history":[{"count":1,"href":"https:\/\/casacumbia.com\/en\/wp-json\/wp\/v2\/product\/49664\/revisions"}],"predecessor-version":[{"id":53745,"href":"https:\/\/casacumbia.com\/en\/wp-json\/wp\/v2\/product\/49664\/revisions\/53745"}],"wp:featuredmedia":[{"embeddable":true,"href":"https:\/\/casacumbia.com\/en\/wp-json\/wp\/v2\/media\/29556"}],"wp:attachment":[{"href":"https:\/\/casacumbia.com\/en\/wp-json\/wp\/v2\/media?parent=49664"}],"wp:term":[{"taxonomy":"product_brand","embeddable":true,"href":"https:\/\/casacumbia.com\/en\/wp-json\/wp\/v2\/product_brand?post=49664"},{"taxonomy":"product_cat","embeddable":true,"href":"https:\/\/casacumbia.com\/en\/wp-json\/wp\/v2\/product_cat?post=49664"},{"taxonomy":"product_tag","embeddable":true,"href":"https:\/\/casacumbia.com\/en\/wp-json\/wp\/v2\/product_tag?post=49664"}],"curies":[{"name":"wp","href":"https:\/\/api.w.org\/{rel}","templated":true}]}}