{"id":49656,"date":"2025-07-20T18:15:42","date_gmt":"2025-07-20T16:15:42","guid":{"rendered":"https:\/\/casacumbia.com\/product\/boite-en-verre-avec-couvercle-en-bambou-glass\/"},"modified":"2025-09-21T15:11:54","modified_gmt":"2025-09-21T13:11:54","slug":"boite-en-verre-avec-couvercle-en-bambou-glass","status":"publish","type":"product","link":"https:\/\/casacumbia.com\/en\/produit\/boite-en-verre-avec-couvercle-en-bambou-glass\/","title":{"rendered":"Bo\u00eete en Verre avec Couvercle en Bambou GLASS"},"content":{"rendered":"<p>Cette collection fabriqu\u00e9e en bambou a \u00e9t\u00e9 d\u00e9velopp\u00e9e en pensant \u00e0 la durabilit\u00e9 et \u00e0 la polyvalence.<br \/>Les mat\u00e9riaux naturels permettent d&#8217;obtenir des produits de d\u00e9coration aussi bien d&#8217;ext\u00e9rieur que d&#8217;int\u00e9rieur, \u00e9tant hautement r\u00e9sistants.<\/p>\n","protected":false},"excerpt":{"rendered":"<p>Cette collection fabriqu\u00e9e en bambou a \u00e9t\u00e9 d\u00e9velopp\u00e9e en pensant \u00e0 la durabilit\u00e9 et \u00e0 la polyvalence.Les mat\u00e9riaux naturels permettent<\/p>\n","protected":false},"featured_media":29567,"comment_status":"closed","ping_status":"closed","template":"","meta":[],"product_brand":[],"product_cat":[285],"product_tag":[181,176,166],"class_list":{"0":"post-49656","1":"product","2":"type-product","3":"status-publish","4":"has-post-thumbnail","6":"product_cat-bocaux-pots","7":"product_tag-integre-pim","8":"product_tag-petites-dimensions","9":"product_tag-produits-en-ligne","11":"first","12":"instock","13":"shipping-taxable","14":"purchasable","15":"product-type-simple"},"_links":{"self":[{"href":"https:\/\/casacumbia.com\/en\/wp-json\/wp\/v2\/product\/49656","targetHints":{"allow":["GET"]}}],"collection":[{"href":"https:\/\/casacumbia.com\/en\/wp-json\/wp\/v2\/product"}],"about":[{"href":"https:\/\/casacumbia.com\/en\/wp-json\/wp\/v2\/types\/product"}],"replies":[{"embeddable":true,"href":"https:\/\/casacumbia.com\/en\/wp-json\/wp\/v2\/comments?post=49656"}],"version-history":[{"count":1,"href":"https:\/\/casacumbia.com\/en\/wp-json\/wp\/v2\/product\/49656\/revisions"}],"predecessor-version":[{"id":53737,"href":"https:\/\/casacumbia.com\/en\/wp-json\/wp\/v2\/product\/49656\/revisions\/53737"}],"wp:featuredmedia":[{"embeddable":true,"href":"https:\/\/casacumbia.com\/en\/wp-json\/wp\/v2\/media\/29567"}],"wp:attachment":[{"href":"https:\/\/casacumbia.com\/en\/wp-json\/wp\/v2\/media?parent=49656"}],"wp:term":[{"taxonomy":"product_brand","embeddable":true,"href":"https:\/\/casacumbia.com\/en\/wp-json\/wp\/v2\/product_brand?post=49656"},{"taxonomy":"product_cat","embeddable":true,"href":"https:\/\/casacumbia.com\/en\/wp-json\/wp\/v2\/product_cat?post=49656"},{"taxonomy":"product_tag","embeddable":true,"href":"https:\/\/casacumbia.com\/en\/wp-json\/wp\/v2\/product_tag?post=49656"}],"curies":[{"name":"wp","href":"https:\/\/api.w.org\/{rel}","templated":true}]}}