{"id":49653,"date":"2025-07-20T18:15:43","date_gmt":"2025-07-20T16:15:43","guid":{"rendered":"https:\/\/casacumbia.com\/product\/carafe-1600ml-groovy\/"},"modified":"2025-09-21T15:11:53","modified_gmt":"2025-09-21T13:11:53","slug":"carafe-1600ml-groovy","status":"publish","type":"product","link":"https:\/\/casacumbia.com\/en\/produit\/carafe-1600ml-groovy\/","title":{"rendered":"Pichet 1600ml GROOVY"},"content":{"rendered":"<p>La collection GROOVY s&#8217;inspire des formes et couleurs des ann\u00e9es 70.<\/p>\n<p>Na\u00eet ainsi un service de table o\u00f9 la couleur est l&#8217;\u00e9l\u00e9ment phare, avec des formes organiques en gr\u00e8s peint \u00e0 la main et con\u00e7u par l&#8217;\u00e9quipe de design casacumbia, \u00e9levant son exclusivit\u00e9.<\/p>\n<p>Une collection compl\u00e8te, avec des pi\u00e8ces pour tous les moments, des entr\u00e9es au caf\u00e9, Groovy est parfaite pour recevoir avec de bonnes \u00e9nergies.<\/p>\n","protected":false},"excerpt":{"rendered":"<p>La collection GROOVY s&#8217;inspire des formes et couleurs des ann\u00e9es 70. Na\u00eet ainsi un service de table o\u00f9 la couleur<\/p>\n","protected":false},"featured_media":29574,"comment_status":"closed","ping_status":"closed","template":"","meta":[],"product_brand":[],"product_cat":[204,274],"product_tag":[181,176,166],"class_list":{"0":"post-49653","1":"product","2":"type-product","3":"status-publish","4":"has-post-thumbnail","6":"product_cat-promotions-2","7":"product_cat-pichet","8":"product_tag-integre-pim","9":"product_tag-petites-dimensions","10":"product_tag-produits-en-ligne","12":"first","13":"instock","14":"sale","15":"shipping-taxable","16":"purchasable","17":"product-type-simple"},"_links":{"self":[{"href":"https:\/\/casacumbia.com\/en\/wp-json\/wp\/v2\/product\/49653","targetHints":{"allow":["GET"]}}],"collection":[{"href":"https:\/\/casacumbia.com\/en\/wp-json\/wp\/v2\/product"}],"about":[{"href":"https:\/\/casacumbia.com\/en\/wp-json\/wp\/v2\/types\/product"}],"replies":[{"embeddable":true,"href":"https:\/\/casacumbia.com\/en\/wp-json\/wp\/v2\/comments?post=49653"}],"version-history":[{"count":2,"href":"https:\/\/casacumbia.com\/en\/wp-json\/wp\/v2\/product\/49653\/revisions"}],"predecessor-version":[{"id":53960,"href":"https:\/\/casacumbia.com\/en\/wp-json\/wp\/v2\/product\/49653\/revisions\/53960"}],"wp:featuredmedia":[{"embeddable":true,"href":"https:\/\/casacumbia.com\/en\/wp-json\/wp\/v2\/media\/29574"}],"wp:attachment":[{"href":"https:\/\/casacumbia.com\/en\/wp-json\/wp\/v2\/media?parent=49653"}],"wp:term":[{"taxonomy":"product_brand","embeddable":true,"href":"https:\/\/casacumbia.com\/en\/wp-json\/wp\/v2\/product_brand?post=49653"},{"taxonomy":"product_cat","embeddable":true,"href":"https:\/\/casacumbia.com\/en\/wp-json\/wp\/v2\/product_cat?post=49653"},{"taxonomy":"product_tag","embeddable":true,"href":"https:\/\/casacumbia.com\/en\/wp-json\/wp\/v2\/product_tag?post=49653"}],"curies":[{"name":"wp","href":"https:\/\/api.w.org\/{rel}","templated":true}]}}