{"id":49644,"date":"2025-07-20T18:15:43","date_gmt":"2025-07-20T16:15:43","guid":{"rendered":"https:\/\/casacumbia.com\/product\/chemin-de-table-en-coton-et-lin-fleurs-marie\/"},"modified":"2025-09-21T15:11:51","modified_gmt":"2025-09-21T13:11:51","slug":"chemin-de-table-en-coton-et-lin-fleurs-marie","status":"publish","type":"product","link":"https:\/\/casacumbia.com\/en\/produit\/chemin-de-table-en-coton-et-lin-fleurs-marie\/","title":{"rendered":"Chemin de table Coton et Lin Fleurs MARIE"},"content":{"rendered":"<p>Cette collection s&#8217;inspire de la personnalit\u00e9 et de la vie de Marie-Antoinette, femme irr\u00e9v\u00e9rencieuse et intr\u00e9pide de l&#8217;histoire fran\u00e7aise.<br \/> Les motifs peints \u00e0 la main repr\u00e9sentent ses habitudes excentriques et les f\u00eates dans les jardins du palais, remplis de fleurs et d&#8217;animaux, o\u00f9 la p\u00e2tisserie traditionnelle fran\u00e7aise ne manquait jamais. Les d\u00e9tails et les formes ornement\u00e9es des pi\u00e8ces, associ\u00e9s aux tons vifs, rappellent ses tenues extravagantes. <br \/> Laissez-vous charmer par cette collection et apportez l&#8217;inspiration fran\u00e7aise chez vous.<\/p>\n","protected":false},"excerpt":{"rendered":"<p>Cette collection s&#8217;inspire de la personnalit\u00e9 et de la vie de Marie-Antoinette, femme irr\u00e9v\u00e9rencieuse et intr\u00e9pide de l&#8217;histoire fran\u00e7aise. Les<\/p>\n","protected":false},"featured_media":29612,"comment_status":"closed","ping_status":"closed","template":"","meta":[],"product_brand":[],"product_cat":[259],"product_tag":[181,176,166],"class_list":{"0":"post-49644","1":"product","2":"type-product","3":"status-publish","4":"has-post-thumbnail","6":"product_cat-lingetable","7":"product_tag-integre-pim","8":"product_tag-petites-dimensions","9":"product_tag-produits-en-ligne","11":"first","12":"instock","13":"shipping-taxable","14":"purchasable","15":"product-type-simple"},"_links":{"self":[{"href":"https:\/\/casacumbia.com\/en\/wp-json\/wp\/v2\/product\/49644","targetHints":{"allow":["GET"]}}],"collection":[{"href":"https:\/\/casacumbia.com\/en\/wp-json\/wp\/v2\/product"}],"about":[{"href":"https:\/\/casacumbia.com\/en\/wp-json\/wp\/v2\/types\/product"}],"replies":[{"embeddable":true,"href":"https:\/\/casacumbia.com\/en\/wp-json\/wp\/v2\/comments?post=49644"}],"version-history":[{"count":1,"href":"https:\/\/casacumbia.com\/en\/wp-json\/wp\/v2\/product\/49644\/revisions"}],"predecessor-version":[{"id":53748,"href":"https:\/\/casacumbia.com\/en\/wp-json\/wp\/v2\/product\/49644\/revisions\/53748"}],"wp:featuredmedia":[{"embeddable":true,"href":"https:\/\/casacumbia.com\/en\/wp-json\/wp\/v2\/media\/29612"}],"wp:attachment":[{"href":"https:\/\/casacumbia.com\/en\/wp-json\/wp\/v2\/media?parent=49644"}],"wp:term":[{"taxonomy":"product_brand","embeddable":true,"href":"https:\/\/casacumbia.com\/en\/wp-json\/wp\/v2\/product_brand?post=49644"},{"taxonomy":"product_cat","embeddable":true,"href":"https:\/\/casacumbia.com\/en\/wp-json\/wp\/v2\/product_cat?post=49644"},{"taxonomy":"product_tag","embeddable":true,"href":"https:\/\/casacumbia.com\/en\/wp-json\/wp\/v2\/product_tag?post=49644"}],"curies":[{"name":"wp","href":"https:\/\/api.w.org\/{rel}","templated":true}]}}