{"id":49620,"date":"2025-07-20T18:15:22","date_gmt":"2025-07-20T16:15:22","guid":{"rendered":"https:\/\/casacumbia.com\/product\/canape-en-velours-most-connelly\/"},"modified":"2025-09-21T15:11:45","modified_gmt":"2025-09-21T13:11:45","slug":"canape-en-velours-most-connelly","status":"publish","type":"product","link":"https:\/\/casacumbia.com\/en\/produit\/canape-en-velours-most-connelly\/","title":{"rendered":"Canap\u00e9 Velours Most Connelly"},"content":{"rendered":"<p>D\u00e9couvrez la collection de canap\u00e9s casacumbia avec livraison gratuite. Trouvez le canap\u00e9 id\u00e9al pour vous et votre maison. Mod\u00e8les modernes et confortables avec canap\u00e9s de 2 \u00e0 5 places, canap\u00e9s-lits, chaise longue et canap\u00e9s modulaires.  <\/p>\n<p>Avec fonctionnalit\u00e9 et sophistication en un seul endroit.<\/p>\n<p>Id\u00e9al pour r\u00e9nover le salon avec \u00e9l\u00e9gance, les canap\u00e9s casacumbia allient qualit\u00e9 et style europ\u00e9en.<\/p>\n<p>Exclusivement en Ligne chez casacumbia Pour une Dur\u00e9e Limit\u00e9e<\/p>\n","protected":false},"excerpt":{"rendered":"<p>D\u00e9couvrez la collection de canap\u00e9s casacumbia avec livraison gratuite. Trouvez le canap\u00e9 id\u00e9al pour vous et votre maison. Mod\u00e8les modernes<\/p>\n","protected":false},"featured_media":29359,"comment_status":"closed","ping_status":"closed","template":"","meta":[],"product_brand":[],"product_cat":[184,246,204],"product_tag":[173,183,168,165,166],"class_list":{"0":"post-49620","1":"product","2":"type-product","3":"status-publish","4":"has-post-thumbnail","6":"product_cat-sofas-2","7":"product_cat-canapes","8":"product_cat-promotions-2","9":"product_tag-grandes-dimensions","10":"product_tag-importation-20-06","11":"product_tag-nouveautes_juin","12":"product_tag-pas_d_images","13":"product_tag-produits-en-ligne","15":"first","16":"instock","17":"sale","18":"shipping-taxable","19":"purchasable","20":"product-type-simple"},"_links":{"self":[{"href":"https:\/\/casacumbia.com\/en\/wp-json\/wp\/v2\/product\/49620","targetHints":{"allow":["GET"]}}],"collection":[{"href":"https:\/\/casacumbia.com\/en\/wp-json\/wp\/v2\/product"}],"about":[{"href":"https:\/\/casacumbia.com\/en\/wp-json\/wp\/v2\/types\/product"}],"replies":[{"embeddable":true,"href":"https:\/\/casacumbia.com\/en\/wp-json\/wp\/v2\/comments?post=49620"}],"version-history":[{"count":2,"href":"https:\/\/casacumbia.com\/en\/wp-json\/wp\/v2\/product\/49620\/revisions"}],"predecessor-version":[{"id":53947,"href":"https:\/\/casacumbia.com\/en\/wp-json\/wp\/v2\/product\/49620\/revisions\/53947"}],"wp:featuredmedia":[{"embeddable":true,"href":"https:\/\/casacumbia.com\/en\/wp-json\/wp\/v2\/media\/29359"}],"wp:attachment":[{"href":"https:\/\/casacumbia.com\/en\/wp-json\/wp\/v2\/media?parent=49620"}],"wp:term":[{"taxonomy":"product_brand","embeddable":true,"href":"https:\/\/casacumbia.com\/en\/wp-json\/wp\/v2\/product_brand?post=49620"},{"taxonomy":"product_cat","embeddable":true,"href":"https:\/\/casacumbia.com\/en\/wp-json\/wp\/v2\/product_cat?post=49620"},{"taxonomy":"product_tag","embeddable":true,"href":"https:\/\/casacumbia.com\/en\/wp-json\/wp\/v2\/product_tag?post=49620"}],"curies":[{"name":"wp","href":"https:\/\/api.w.org\/{rel}","templated":true}]}}