{"id":49613,"date":"2025-07-20T18:15:22","date_gmt":"2025-07-20T16:15:22","guid":{"rendered":"https:\/\/casacumbia.com\/product\/vinaigrier-avec-spray-acrylic\/"},"modified":"2025-09-21T15:11:44","modified_gmt":"2025-09-21T13:11:44","slug":"vinaigrier-avec-spray-acrylic","status":"publish","type":"product","link":"https:\/\/casacumbia.com\/en\/produit\/vinaigrier-avec-spray-acrylic\/","title":{"rendered":"Vinaigrier avec spray ACRYLIC"},"content":{"rendered":"<p><span data-sheets-root=\"1\">Collection ACRYLIC \u2013 La Fonctionnalit\u00e9 Avant Tout<br \/>La collection ACRYLIC a \u00e9t\u00e9 d\u00e9velopp\u00e9e pour r\u00e9pondre aux exigences de l&#8217;utilisation quotidienne en cuisine. Fabriqu\u00e9s en acrylique r\u00e9sistant, les ustensiles sont l\u00e9gers, durables et faciles \u00e0 nettoyer. Id\u00e9aux pour stocker, pr\u00e9parer ou servir les aliments avec efficacit\u00e9 et praticit\u00e9.  <\/span><\/p>\n","protected":false},"excerpt":{"rendered":"<p>Collection ACRYLIC \u2013 La Fonctionnalit\u00e9 Avant ToutLa collection ACRYLIC a \u00e9t\u00e9 d\u00e9velopp\u00e9e pour r\u00e9pondre aux exigences de l&#8217;utilisation quotidienne en<\/p>\n","protected":false},"featured_media":29424,"comment_status":"closed","ping_status":"closed","template":"","meta":[],"product_brand":[],"product_cat":[286],"product_tag":[181,176,166],"class_list":{"0":"post-49613","1":"product","2":"type-product","3":"status-publish","4":"has-post-thumbnail","6":"product_cat-huiliers-vinaigriers","7":"product_tag-integre-pim","8":"product_tag-petites-dimensions","9":"product_tag-produits-en-ligne","11":"first","12":"instock","13":"shipping-taxable","14":"purchasable","15":"product-type-simple"},"_links":{"self":[{"href":"https:\/\/casacumbia.com\/en\/wp-json\/wp\/v2\/product\/49613","targetHints":{"allow":["GET"]}}],"collection":[{"href":"https:\/\/casacumbia.com\/en\/wp-json\/wp\/v2\/product"}],"about":[{"href":"https:\/\/casacumbia.com\/en\/wp-json\/wp\/v2\/types\/product"}],"replies":[{"embeddable":true,"href":"https:\/\/casacumbia.com\/en\/wp-json\/wp\/v2\/comments?post=49613"}],"version-history":[{"count":2,"href":"https:\/\/casacumbia.com\/en\/wp-json\/wp\/v2\/product\/49613\/revisions"}],"predecessor-version":[{"id":54438,"href":"https:\/\/casacumbia.com\/en\/wp-json\/wp\/v2\/product\/49613\/revisions\/54438"}],"wp:featuredmedia":[{"embeddable":true,"href":"https:\/\/casacumbia.com\/en\/wp-json\/wp\/v2\/media\/29424"}],"wp:attachment":[{"href":"https:\/\/casacumbia.com\/en\/wp-json\/wp\/v2\/media?parent=49613"}],"wp:term":[{"taxonomy":"product_brand","embeddable":true,"href":"https:\/\/casacumbia.com\/en\/wp-json\/wp\/v2\/product_brand?post=49613"},{"taxonomy":"product_cat","embeddable":true,"href":"https:\/\/casacumbia.com\/en\/wp-json\/wp\/v2\/product_cat?post=49613"},{"taxonomy":"product_tag","embeddable":true,"href":"https:\/\/casacumbia.com\/en\/wp-json\/wp\/v2\/product_tag?post=49613"}],"curies":[{"name":"wp","href":"https:\/\/api.w.org\/{rel}","templated":true}]}}