{"id":49606,"date":"2025-07-20T18:15:33","date_gmt":"2025-07-20T16:15:33","guid":{"rendered":"https:\/\/casacumbia.com\/product\/verre-a-pied-medaillon-chartres\/"},"modified":"2025-09-21T15:11:42","modified_gmt":"2025-09-21T13:11:42","slug":"verre-a-pied-medaillon-chartres","status":"publish","type":"product","link":"https:\/\/casacumbia.com\/en\/produit\/verre-a-pied-medaillon-chartres\/","title":{"rendered":"Verre \u00e0 pied M\u00e9daillon CHARTRES"},"content":{"rendered":"<p>CHARTRES est une collection de verres en verre \u00e9pais qui allie robustesse et sophistication. Avec des d\u00e9tails en relief et un m\u00e9daillon classique, chaque pi\u00e8ce \u00e9voque tradition et style intemporel, parfaite pour ceux qui appr\u00e9cient la qualit\u00e9 et le design marquant au quotidien ou lors d&#8217;occasions sp\u00e9ciales. <\/p>\n","protected":false},"excerpt":{"rendered":"<p>CHARTRES est une collection de verres en verre \u00e9pais qui allie robustesse et sophistication. Avec des d\u00e9tails en relief et<\/p>\n","protected":false},"featured_media":29463,"comment_status":"closed","ping_status":"closed","template":"","meta":[],"product_brand":[],"product_cat":[255],"product_tag":[181,176,166],"class_list":{"0":"post-49606","1":"product","2":"type-product","3":"status-publish","4":"has-post-thumbnail","6":"product_cat-verres","7":"product_tag-integre-pim","8":"product_tag-petites-dimensions","9":"product_tag-produits-en-ligne","11":"first","12":"instock","13":"shipping-taxable","14":"purchasable","15":"product-type-simple"},"_links":{"self":[{"href":"https:\/\/casacumbia.com\/en\/wp-json\/wp\/v2\/product\/49606","targetHints":{"allow":["GET"]}}],"collection":[{"href":"https:\/\/casacumbia.com\/en\/wp-json\/wp\/v2\/product"}],"about":[{"href":"https:\/\/casacumbia.com\/en\/wp-json\/wp\/v2\/types\/product"}],"replies":[{"embeddable":true,"href":"https:\/\/casacumbia.com\/en\/wp-json\/wp\/v2\/comments?post=49606"}],"version-history":[{"count":1,"href":"https:\/\/casacumbia.com\/en\/wp-json\/wp\/v2\/product\/49606\/revisions"}],"predecessor-version":[{"id":53734,"href":"https:\/\/casacumbia.com\/en\/wp-json\/wp\/v2\/product\/49606\/revisions\/53734"}],"wp:featuredmedia":[{"embeddable":true,"href":"https:\/\/casacumbia.com\/en\/wp-json\/wp\/v2\/media\/29463"}],"wp:attachment":[{"href":"https:\/\/casacumbia.com\/en\/wp-json\/wp\/v2\/media?parent=49606"}],"wp:term":[{"taxonomy":"product_brand","embeddable":true,"href":"https:\/\/casacumbia.com\/en\/wp-json\/wp\/v2\/product_brand?post=49606"},{"taxonomy":"product_cat","embeddable":true,"href":"https:\/\/casacumbia.com\/en\/wp-json\/wp\/v2\/product_cat?post=49606"},{"taxonomy":"product_tag","embeddable":true,"href":"https:\/\/casacumbia.com\/en\/wp-json\/wp\/v2\/product_tag?post=49606"}],"curies":[{"name":"wp","href":"https:\/\/api.w.org\/{rel}","templated":true}]}}