{"id":49602,"date":"2025-07-20T18:15:33","date_gmt":"2025-07-20T16:15:33","guid":{"rendered":"https:\/\/casacumbia.com\/product\/verre-a-cabernet-480ml-party\/"},"modified":"2025-09-21T15:11:40","modified_gmt":"2025-09-21T13:11:40","slug":"verre-a-cabernet-480ml-party","status":"publish","type":"product","link":"https:\/\/casacumbia.com\/en\/produit\/verre-a-cabernet-480ml-party\/","title":{"rendered":"Verre Cabernet 480ml PARTY"},"content":{"rendered":"<p>Ces verres sont produits sans plomb, avec une qualit\u00e9 et une limpidit\u00e9 exceptionnelles. Ils offrent r\u00e9sistance et durabilit\u00e9 pour les meilleurs moments gastronomiques. <\/p>\n","protected":false},"excerpt":{"rendered":"<p>Ces verres sont produits sans plomb, avec une qualit\u00e9 et une limpidit\u00e9 exceptionnelles. Ils offrent r\u00e9sistance et durabilit\u00e9 pour les<\/p>\n","protected":false},"featured_media":29476,"comment_status":"closed","ping_status":"closed","template":"","meta":[],"product_brand":[],"product_cat":[255],"product_tag":[181,176,166],"class_list":{"0":"post-49602","1":"product","2":"type-product","3":"status-publish","4":"has-post-thumbnail","6":"product_cat-verres","7":"product_tag-integre-pim","8":"product_tag-petites-dimensions","9":"product_tag-produits-en-ligne","11":"first","12":"instock","13":"shipping-taxable","14":"purchasable","15":"product-type-simple"},"_links":{"self":[{"href":"https:\/\/casacumbia.com\/en\/wp-json\/wp\/v2\/product\/49602","targetHints":{"allow":["GET"]}}],"collection":[{"href":"https:\/\/casacumbia.com\/en\/wp-json\/wp\/v2\/product"}],"about":[{"href":"https:\/\/casacumbia.com\/en\/wp-json\/wp\/v2\/types\/product"}],"replies":[{"embeddable":true,"href":"https:\/\/casacumbia.com\/en\/wp-json\/wp\/v2\/comments?post=49602"}],"version-history":[{"count":1,"href":"https:\/\/casacumbia.com\/en\/wp-json\/wp\/v2\/product\/49602\/revisions"}],"predecessor-version":[{"id":53730,"href":"https:\/\/casacumbia.com\/en\/wp-json\/wp\/v2\/product\/49602\/revisions\/53730"}],"wp:featuredmedia":[{"embeddable":true,"href":"https:\/\/casacumbia.com\/en\/wp-json\/wp\/v2\/media\/29476"}],"wp:attachment":[{"href":"https:\/\/casacumbia.com\/en\/wp-json\/wp\/v2\/media?parent=49602"}],"wp:term":[{"taxonomy":"product_brand","embeddable":true,"href":"https:\/\/casacumbia.com\/en\/wp-json\/wp\/v2\/product_brand?post=49602"},{"taxonomy":"product_cat","embeddable":true,"href":"https:\/\/casacumbia.com\/en\/wp-json\/wp\/v2\/product_cat?post=49602"},{"taxonomy":"product_tag","embeddable":true,"href":"https:\/\/casacumbia.com\/en\/wp-json\/wp\/v2\/product_tag?post=49602"}],"curies":[{"name":"wp","href":"https:\/\/api.w.org\/{rel}","templated":true}]}}