{"id":49592,"date":"2025-07-20T18:15:03","date_gmt":"2025-07-20T16:15:03","guid":{"rendered":"https:\/\/casacumbia.com\/product\/ensemble-de-2-tables-dappoint-hobart\/"},"modified":"2025-09-21T15:11:38","modified_gmt":"2025-09-21T13:11:38","slug":"ensemble-de-2-tables-dappoint-hobart","status":"publish","type":"product","link":"https:\/\/casacumbia.com\/en\/produit\/ensemble-de-2-tables-dappoint-hobart\/","title":{"rendered":"Ensemble de 2 Tables d&#8217;Appoint HOBART"},"content":{"rendered":"<p>Ensemble de trois tables cubiques aux proportions distinctes, le set HOBART est polyvalent et marquant. Chaque table pr\u00e9sente des c\u00f4t\u00e9s inclin\u00e9s qui cr\u00e9ent des perspectives dynamiques et une sensation d&#8217;instabilit\u00e9 l\u00e9g\u00e8re contr\u00f4l\u00e9e \u2014 le design joue avec l&#8217;\u00e9quilibre visuel. Elles peuvent \u00eatre utilis\u00e9es ensemble ou s\u00e9par\u00e9ment, s&#8217;adaptant \u00e0 diff\u00e9rents environnements et besoins.  <\/p>\n","protected":false},"excerpt":{"rendered":"<p>Ensemble de trois tables cubiques aux proportions distinctes, le set HOBART est polyvalent et marquant. Chaque table pr\u00e9sente des c\u00f4t\u00e9s<\/p>\n","protected":false},"featured_media":29161,"comment_status":"closed","ping_status":"closed","template":"","meta":[],"product_brand":[],"product_cat":[247],"product_tag":[173,167,172,165,166],"class_list":{"0":"post-49592","1":"product","2":"type-product","3":"status-publish","4":"has-post-thumbnail","6":"product_cat-meublesalon","7":"product_tag-grandes-dimensions","8":"product_tag-importation_10-07","9":"product_tag-nouveautes_juillet","10":"product_tag-pas_d_images","11":"product_tag-produits-en-ligne","13":"first","14":"instock","15":"shipping-taxable","16":"purchasable","17":"product-type-simple"},"_links":{"self":[{"href":"https:\/\/casacumbia.com\/en\/wp-json\/wp\/v2\/product\/49592","targetHints":{"allow":["GET"]}}],"collection":[{"href":"https:\/\/casacumbia.com\/en\/wp-json\/wp\/v2\/product"}],"about":[{"href":"https:\/\/casacumbia.com\/en\/wp-json\/wp\/v2\/types\/product"}],"replies":[{"embeddable":true,"href":"https:\/\/casacumbia.com\/en\/wp-json\/wp\/v2\/comments?post=49592"}],"version-history":[{"count":1,"href":"https:\/\/casacumbia.com\/en\/wp-json\/wp\/v2\/product\/49592\/revisions"}],"predecessor-version":[{"id":53220,"href":"https:\/\/casacumbia.com\/en\/wp-json\/wp\/v2\/product\/49592\/revisions\/53220"}],"wp:featuredmedia":[{"embeddable":true,"href":"https:\/\/casacumbia.com\/en\/wp-json\/wp\/v2\/media\/29161"}],"wp:attachment":[{"href":"https:\/\/casacumbia.com\/en\/wp-json\/wp\/v2\/media?parent=49592"}],"wp:term":[{"taxonomy":"product_brand","embeddable":true,"href":"https:\/\/casacumbia.com\/en\/wp-json\/wp\/v2\/product_brand?post=49592"},{"taxonomy":"product_cat","embeddable":true,"href":"https:\/\/casacumbia.com\/en\/wp-json\/wp\/v2\/product_cat?post=49592"},{"taxonomy":"product_tag","embeddable":true,"href":"https:\/\/casacumbia.com\/en\/wp-json\/wp\/v2\/product_tag?post=49592"}],"curies":[{"name":"wp","href":"https:\/\/api.w.org\/{rel}","templated":true}]}}