{"id":49591,"date":"2025-07-20T18:15:03","date_gmt":"2025-07-20T16:15:03","guid":{"rendered":"https:\/\/casacumbia.com\/product\/miroir-en-bois-organique-comporta\/"},"modified":"2025-09-21T15:11:38","modified_gmt":"2025-09-21T13:11:38","slug":"miroir-en-bois-organique-comporta","status":"publish","type":"product","link":"https:\/\/casacumbia.com\/en\/produit\/miroir-en-bois-organique-comporta\/","title":{"rendered":"Miroir en Bois Organique COMPORTA"},"content":{"rendered":"<p>Avec une forme asym\u00e9trique et fluide, ce miroir s&#8217;inspire des lignes organiques de la nature. Le cadre en corde tress\u00e9e lui conf\u00e8re un caract\u00e8re artisanal et une touche rustique-chic, parfait pour les int\u00e9rieurs d\u00e9contract\u00e9s et \u00e0 l&#8217;\u00e2me c\u00f4ti\u00e8re. <\/p>\n<p>C&#8217;est une pi\u00e8ce l\u00e9g\u00e8re et marquante \u00e0 la fois \u2014 id\u00e9ale pour cr\u00e9er du mouvement visuel dans les halls, salles de bains ou chambres \u00e0 la d\u00e9coration naturelle, boho ou m\u00e9diterran\u00e9enne.<\/p>\n","protected":false},"excerpt":{"rendered":"<p>Avec une forme asym\u00e9trique et fluide, ce miroir s&#8217;inspire des lignes organiques de la nature. Le cadre en corde tress\u00e9e<\/p>\n","protected":false},"featured_media":29186,"comment_status":"closed","ping_status":"closed","template":"","meta":[],"product_brand":[],"product_cat":[206,263],"product_tag":[180,172,165,176,166],"class_list":{"0":"post-49591","1":"product","2":"type-product","3":"status-publish","4":"has-post-thumbnail","6":"product_cat-decoration-2","7":"product_cat-miroirs","8":"product_tag-importation_03-07","9":"product_tag-nouveautes_juillet","10":"product_tag-pas_d_images","11":"product_tag-petites-dimensions","12":"product_tag-produits-en-ligne","14":"first","15":"instock","16":"shipping-taxable","17":"purchasable","18":"product-type-simple"},"_links":{"self":[{"href":"https:\/\/casacumbia.com\/en\/wp-json\/wp\/v2\/product\/49591","targetHints":{"allow":["GET"]}}],"collection":[{"href":"https:\/\/casacumbia.com\/en\/wp-json\/wp\/v2\/product"}],"about":[{"href":"https:\/\/casacumbia.com\/en\/wp-json\/wp\/v2\/types\/product"}],"replies":[{"embeddable":true,"href":"https:\/\/casacumbia.com\/en\/wp-json\/wp\/v2\/comments?post=49591"}],"version-history":[{"count":1,"href":"https:\/\/casacumbia.com\/en\/wp-json\/wp\/v2\/product\/49591\/revisions"}],"predecessor-version":[{"id":53693,"href":"https:\/\/casacumbia.com\/en\/wp-json\/wp\/v2\/product\/49591\/revisions\/53693"}],"wp:featuredmedia":[{"embeddable":true,"href":"https:\/\/casacumbia.com\/en\/wp-json\/wp\/v2\/media\/29186"}],"wp:attachment":[{"href":"https:\/\/casacumbia.com\/en\/wp-json\/wp\/v2\/media?parent=49591"}],"wp:term":[{"taxonomy":"product_brand","embeddable":true,"href":"https:\/\/casacumbia.com\/en\/wp-json\/wp\/v2\/product_brand?post=49591"},{"taxonomy":"product_cat","embeddable":true,"href":"https:\/\/casacumbia.com\/en\/wp-json\/wp\/v2\/product_cat?post=49591"},{"taxonomy":"product_tag","embeddable":true,"href":"https:\/\/casacumbia.com\/en\/wp-json\/wp\/v2\/product_tag?post=49591"}],"curies":[{"name":"wp","href":"https:\/\/api.w.org\/{rel}","templated":true}]}}