{"id":49589,"date":"2025-07-20T18:15:03","date_gmt":"2025-07-20T16:15:03","guid":{"rendered":"https:\/\/casacumbia.com\/product\/miroir-en-metal-avec-reliefs-comporta\/"},"modified":"2025-09-21T15:11:38","modified_gmt":"2025-09-21T13:11:38","slug":"miroir-en-metal-avec-reliefs-comporta","status":"publish","type":"product","link":"https:\/\/casacumbia.com\/en\/produit\/miroir-en-metal-avec-reliefs-comporta\/","title":{"rendered":"Miroir en M\u00e9tal avec Reliefs COMPORTA"},"content":{"rendered":"<p>Avec un design original et artisanal, ce miroir \u00e0 cadre m\u00e9tallique sombre se distingue par son contour d\u00e9cor\u00e9 de petits cercles qui cr\u00e9ent rythme et texture visuelle. La forme rectangulaire aux angles arrondis adoucit l&#8217;impact et s&#8217;adapte facilement \u00e0 divers espaces de la maison. <\/p>\n<p>C&#8217;est une pi\u00e8ce qui allie le caract\u00e8re du m\u00e9tal \u00e0 la l\u00e9g\u00e8ret\u00e9 du design c\u00f4tier \u2014 id\u00e9ale pour des ambiances d\u00e9contract\u00e9es, avec une touche sophistiqu\u00e9e et naturelle.<\/p>\n","protected":false},"excerpt":{"rendered":"<p>Avec un design original et artisanal, ce miroir \u00e0 cadre m\u00e9tallique sombre se distingue par son contour d\u00e9cor\u00e9 de petits<\/p>\n","protected":false},"featured_media":29190,"comment_status":"closed","ping_status":"closed","template":"","meta":[],"product_brand":[],"product_cat":[206,263],"product_tag":[180,172,165,176,166],"class_list":{"0":"post-49589","1":"product","2":"type-product","3":"status-publish","4":"has-post-thumbnail","6":"product_cat-decoration-2","7":"product_cat-miroirs","8":"product_tag-importation_03-07","9":"product_tag-nouveautes_juillet","10":"product_tag-pas_d_images","11":"product_tag-petites-dimensions","12":"product_tag-produits-en-ligne","14":"first","15":"instock","16":"shipping-taxable","17":"purchasable","18":"product-type-simple"},"_links":{"self":[{"href":"https:\/\/casacumbia.com\/en\/wp-json\/wp\/v2\/product\/49589","targetHints":{"allow":["GET"]}}],"collection":[{"href":"https:\/\/casacumbia.com\/en\/wp-json\/wp\/v2\/product"}],"about":[{"href":"https:\/\/casacumbia.com\/en\/wp-json\/wp\/v2\/types\/product"}],"replies":[{"embeddable":true,"href":"https:\/\/casacumbia.com\/en\/wp-json\/wp\/v2\/comments?post=49589"}],"version-history":[{"count":1,"href":"https:\/\/casacumbia.com\/en\/wp-json\/wp\/v2\/product\/49589\/revisions"}],"predecessor-version":[{"id":53691,"href":"https:\/\/casacumbia.com\/en\/wp-json\/wp\/v2\/product\/49589\/revisions\/53691"}],"wp:featuredmedia":[{"embeddable":true,"href":"https:\/\/casacumbia.com\/en\/wp-json\/wp\/v2\/media\/29190"}],"wp:attachment":[{"href":"https:\/\/casacumbia.com\/en\/wp-json\/wp\/v2\/media?parent=49589"}],"wp:term":[{"taxonomy":"product_brand","embeddable":true,"href":"https:\/\/casacumbia.com\/en\/wp-json\/wp\/v2\/product_brand?post=49589"},{"taxonomy":"product_cat","embeddable":true,"href":"https:\/\/casacumbia.com\/en\/wp-json\/wp\/v2\/product_cat?post=49589"},{"taxonomy":"product_tag","embeddable":true,"href":"https:\/\/casacumbia.com\/en\/wp-json\/wp\/v2\/product_tag?post=49589"}],"curies":[{"name":"wp","href":"https:\/\/api.w.org\/{rel}","templated":true}]}}