{"id":49587,"date":"2025-07-20T18:15:12","date_gmt":"2025-07-20T16:15:12","guid":{"rendered":"https:\/\/casacumbia.com\/product\/ensemble-table-et-2-chaises-en-metal-gris-colorful\/"},"modified":"2025-09-21T15:11:37","modified_gmt":"2025-09-21T13:11:37","slug":"ensemble-table-et-2-chaises-en-metal-gris-colorful","status":"publish","type":"product","link":"https:\/\/casacumbia.com\/en\/produit\/ensemble-table-et-2-chaises-en-metal-gris-colorful\/","title":{"rendered":"Ensemble Table et 2 chaises M\u00e9tal Gris COLORFUL"},"content":{"rendered":"<p>Donnez de la couleur \u00e0 vos journ\u00e9es<\/p>\n<p>Colorful est une collection pens\u00e9e pour donner vie \u00e0 vos espaces, avec des tables et chaises en m\u00e9tal color\u00e9 qui allient fonctionnalit\u00e9 et joie. Chaque ensemble a \u00e9t\u00e9 con\u00e7u pour cr\u00e9er des ambiances d\u00e9contract\u00e9es, vibrantes et pleines de personnalit\u00e9 \u2014 id\u00e9ales pour les repas en plein air, les apr\u00e8s-midis de conversation ou simplement pour apporter une touche sp\u00e9ciale \u00e0 votre balcon ou jardin.<br \/>La Collection Colorful apporte l\u00e9g\u00e8ret\u00e9 et bonne humeur \u00e0 votre maison. Choisissez votre couleur pr\u00e9f\u00e9r\u00e9e et c\u00e9l\u00e9brez l&#8217;\u00e9t\u00e9 avec style.  <\/p>\n","protected":false},"excerpt":{"rendered":"<p>Donnez de la couleur \u00e0 vos journ\u00e9es Colorful est une collection pens\u00e9e pour donner vie \u00e0 vos espaces, avec des<\/p>\n","protected":false},"featured_media":29195,"comment_status":"closed","ping_status":"closed","template":"","meta":[],"product_brand":[],"product_cat":[171,251],"product_tag":[173,180,172,165,166],"class_list":{"0":"post-49587","1":"product","2":"type-product","3":"status-publish","4":"has-post-thumbnail","6":"product_cat-table-2","7":"product_cat-jardin","8":"product_tag-grandes-dimensions","9":"product_tag-importation_03-07","10":"product_tag-nouveautes_juillet","11":"product_tag-pas_d_images","12":"product_tag-produits-en-ligne","14":"first","15":"instock","16":"shipping-taxable","17":"purchasable","18":"product-type-simple"},"_links":{"self":[{"href":"https:\/\/casacumbia.com\/en\/wp-json\/wp\/v2\/product\/49587","targetHints":{"allow":["GET"]}}],"collection":[{"href":"https:\/\/casacumbia.com\/en\/wp-json\/wp\/v2\/product"}],"about":[{"href":"https:\/\/casacumbia.com\/en\/wp-json\/wp\/v2\/types\/product"}],"replies":[{"embeddable":true,"href":"https:\/\/casacumbia.com\/en\/wp-json\/wp\/v2\/comments?post=49587"}],"version-history":[{"count":1,"href":"https:\/\/casacumbia.com\/en\/wp-json\/wp\/v2\/product\/49587\/revisions"}],"predecessor-version":[{"id":53688,"href":"https:\/\/casacumbia.com\/en\/wp-json\/wp\/v2\/product\/49587\/revisions\/53688"}],"wp:featuredmedia":[{"embeddable":true,"href":"https:\/\/casacumbia.com\/en\/wp-json\/wp\/v2\/media\/29195"}],"wp:attachment":[{"href":"https:\/\/casacumbia.com\/en\/wp-json\/wp\/v2\/media?parent=49587"}],"wp:term":[{"taxonomy":"product_brand","embeddable":true,"href":"https:\/\/casacumbia.com\/en\/wp-json\/wp\/v2\/product_brand?post=49587"},{"taxonomy":"product_cat","embeddable":true,"href":"https:\/\/casacumbia.com\/en\/wp-json\/wp\/v2\/product_cat?post=49587"},{"taxonomy":"product_tag","embeddable":true,"href":"https:\/\/casacumbia.com\/en\/wp-json\/wp\/v2\/product_tag?post=49587"}],"curies":[{"name":"wp","href":"https:\/\/api.w.org\/{rel}","templated":true}]}}