{"id":49584,"date":"2025-07-20T18:15:03","date_gmt":"2025-07-20T16:15:03","guid":{"rendered":"https:\/\/casacumbia.com\/product\/miroir-rond-maritime-avec-cadre-en-corde\/"},"modified":"2025-09-21T15:11:36","modified_gmt":"2025-09-21T13:11:36","slug":"miroir-rond-maritime-avec-cadre-en-corde","status":"publish","type":"product","link":"https:\/\/casacumbia.com\/en\/produit\/miroir-rond-maritime-avec-cadre-en-corde\/","title":{"rendered":"Miroir Rond en Corde MARITIME"},"content":{"rendered":"<p>Ce miroir rond est le compl\u00e9ment parfait pour les ambiances d&#8217;inspiration nautique. Avec un cadre en corde naturelle et un d\u00e9tail sup\u00e9rieur en m\u00e9tal noir, il \u00e9voque le charme des anciens instruments de navigation. Id\u00e9al pour les v\u00e9randas couvertes, les halls ou les maisons de plage, il ajoute une touche d&#8217;authenticit\u00e9 c\u00f4ti\u00e8re et de texture naturelle \u00e0 l&#8217;espace.  <\/p>\n","protected":false},"excerpt":{"rendered":"<p>Ce miroir rond est le compl\u00e9ment parfait pour les ambiances d&#8217;inspiration nautique. Avec un cadre en corde naturelle et un<\/p>\n","protected":false},"featured_media":29182,"comment_status":"closed","ping_status":"closed","template":"","meta":[],"product_brand":[],"product_cat":[206,263],"product_tag":[180,172,165,176,166],"class_list":{"0":"post-49584","1":"product","2":"type-product","3":"status-publish","4":"has-post-thumbnail","6":"product_cat-decoration-2","7":"product_cat-miroirs","8":"product_tag-importation_03-07","9":"product_tag-nouveautes_juillet","10":"product_tag-pas_d_images","11":"product_tag-petites-dimensions","12":"product_tag-produits-en-ligne","14":"first","15":"instock","16":"shipping-taxable","17":"purchasable","18":"product-type-simple"},"_links":{"self":[{"href":"https:\/\/casacumbia.com\/en\/wp-json\/wp\/v2\/product\/49584","targetHints":{"allow":["GET"]}}],"collection":[{"href":"https:\/\/casacumbia.com\/en\/wp-json\/wp\/v2\/product"}],"about":[{"href":"https:\/\/casacumbia.com\/en\/wp-json\/wp\/v2\/types\/product"}],"replies":[{"embeddable":true,"href":"https:\/\/casacumbia.com\/en\/wp-json\/wp\/v2\/comments?post=49584"}],"version-history":[{"count":1,"href":"https:\/\/casacumbia.com\/en\/wp-json\/wp\/v2\/product\/49584\/revisions"}],"predecessor-version":[{"id":53695,"href":"https:\/\/casacumbia.com\/en\/wp-json\/wp\/v2\/product\/49584\/revisions\/53695"}],"wp:featuredmedia":[{"embeddable":true,"href":"https:\/\/casacumbia.com\/en\/wp-json\/wp\/v2\/media\/29182"}],"wp:attachment":[{"href":"https:\/\/casacumbia.com\/en\/wp-json\/wp\/v2\/media?parent=49584"}],"wp:term":[{"taxonomy":"product_brand","embeddable":true,"href":"https:\/\/casacumbia.com\/en\/wp-json\/wp\/v2\/product_brand?post=49584"},{"taxonomy":"product_cat","embeddable":true,"href":"https:\/\/casacumbia.com\/en\/wp-json\/wp\/v2\/product_cat?post=49584"},{"taxonomy":"product_tag","embeddable":true,"href":"https:\/\/casacumbia.com\/en\/wp-json\/wp\/v2\/product_tag?post=49584"}],"curies":[{"name":"wp","href":"https:\/\/api.w.org\/{rel}","templated":true}]}}