{"id":49580,"date":"2025-07-20T18:15:13","date_gmt":"2025-07-20T16:15:13","guid":{"rendered":"https:\/\/casacumbia.com\/product\/pot-a-ail-en-ceramique-utilia\/"},"modified":"2025-09-21T15:11:35","modified_gmt":"2025-09-21T13:11:35","slug":"pot-a-ail-en-ceramique-utilia","status":"publish","type":"product","link":"https:\/\/casacumbia.com\/en\/produit\/pot-a-ail-en-ceramique-utilia\/","title":{"rendered":"Pot \u00e0 ail en c\u00e9ramique UTILIA"},"content":{"rendered":"<p>Utilia est une collection d&#8217;ustensiles de cuisine pens\u00e9e pour ceux qui valorisent l&#8217;essentiel avec style.<\/p>\n<p>En verre borosilicate et c\u00e9ramique, avec des d\u00e9tails en m\u00e9tal, chaque pi\u00e8ce \u2014 des huiliers aux doseurs \u2014 combine fonctionnalit\u00e9 et \u00e9l\u00e9gance en un seul geste.<\/p>\n","protected":false},"excerpt":{"rendered":"<p>Utilia est une collection d&#8217;ustensiles de cuisine pens\u00e9e pour ceux qui valorisent l&#8217;essentiel avec style. En verre borosilicate et c\u00e9ramique,<\/p>\n","protected":false},"featured_media":29236,"comment_status":"closed","ping_status":"closed","template":"","meta":[],"product_brand":[],"product_cat":[285],"product_tag":[175,172,165,176,166],"class_list":{"0":"post-49580","1":"product","2":"type-product","3":"status-publish","4":"has-post-thumbnail","6":"product_cat-bocaux-pots","7":"product_tag-importation_04-07","8":"product_tag-nouveautes_juillet","9":"product_tag-pas_d_images","10":"product_tag-petites-dimensions","11":"product_tag-produits-en-ligne","13":"first","14":"instock","15":"shipping-taxable","16":"purchasable","17":"product-type-simple"},"_links":{"self":[{"href":"https:\/\/casacumbia.com\/en\/wp-json\/wp\/v2\/product\/49580","targetHints":{"allow":["GET"]}}],"collection":[{"href":"https:\/\/casacumbia.com\/en\/wp-json\/wp\/v2\/product"}],"about":[{"href":"https:\/\/casacumbia.com\/en\/wp-json\/wp\/v2\/types\/product"}],"replies":[{"embeddable":true,"href":"https:\/\/casacumbia.com\/en\/wp-json\/wp\/v2\/comments?post=49580"}],"version-history":[{"count":1,"href":"https:\/\/casacumbia.com\/en\/wp-json\/wp\/v2\/product\/49580\/revisions"}],"predecessor-version":[{"id":53712,"href":"https:\/\/casacumbia.com\/en\/wp-json\/wp\/v2\/product\/49580\/revisions\/53712"}],"wp:featuredmedia":[{"embeddable":true,"href":"https:\/\/casacumbia.com\/en\/wp-json\/wp\/v2\/media\/29236"}],"wp:attachment":[{"href":"https:\/\/casacumbia.com\/en\/wp-json\/wp\/v2\/media?parent=49580"}],"wp:term":[{"taxonomy":"product_brand","embeddable":true,"href":"https:\/\/casacumbia.com\/en\/wp-json\/wp\/v2\/product_brand?post=49580"},{"taxonomy":"product_cat","embeddable":true,"href":"https:\/\/casacumbia.com\/en\/wp-json\/wp\/v2\/product_cat?post=49580"},{"taxonomy":"product_tag","embeddable":true,"href":"https:\/\/casacumbia.com\/en\/wp-json\/wp\/v2\/product_tag?post=49580"}],"curies":[{"name":"wp","href":"https:\/\/api.w.org\/{rel}","templated":true}]}}