{"id":49578,"date":"2025-07-20T18:15:12","date_gmt":"2025-07-20T16:15:12","guid":{"rendered":"https:\/\/casacumbia.com\/product\/huilier-vinaigrier-en-verre-borosilicate-de-deux-pieces-500ml-utilia\/"},"modified":"2025-09-21T15:11:35","modified_gmt":"2025-09-21T13:11:35","slug":"huilier-vinaigrier-en-verre-borosilicate-de-deux-pieces-500ml-utilia","status":"publish","type":"product","link":"https:\/\/casacumbia.com\/en\/produit\/huilier-vinaigrier-en-verre-borosilicate-de-deux-pieces-500ml-utilia\/","title":{"rendered":"Huilier-vinaigrier deux pi\u00e8ces en verre borosilicate 500 ml UTILIA"},"content":{"rendered":"<p>Utilia est une collection d&#8217;ustensiles de cuisine pens\u00e9e pour ceux qui valorisent l&#8217;essentiel avec style.<\/p>\n<p>En verre borosilicate et c\u00e9ramique, avec des d\u00e9tails en m\u00e9tal, chaque pi\u00e8ce \u2014 des huiliers aux doseurs \u2014 combine fonctionnalit\u00e9 et \u00e9l\u00e9gance en un seul geste.<\/p>\n","protected":false},"excerpt":{"rendered":"<p>Utilia est une collection d&#8217;ustensiles de cuisine pens\u00e9e pour ceux qui valorisent l&#8217;essentiel avec style. En verre borosilicate et c\u00e9ramique,<\/p>\n","protected":false},"featured_media":29219,"comment_status":"closed","ping_status":"closed","template":"","meta":[],"product_brand":[],"product_cat":[286],"product_tag":[175,172,165,176,166],"class_list":{"0":"post-49578","1":"product","2":"type-product","3":"status-publish","4":"has-post-thumbnail","6":"product_cat-huiliers-vinaigriers","7":"product_tag-importation_04-07","8":"product_tag-nouveautes_juillet","9":"product_tag-pas_d_images","10":"product_tag-petites-dimensions","11":"product_tag-produits-en-ligne","13":"first","14":"instock","15":"shipping-taxable","16":"purchasable","17":"product-type-simple"},"_links":{"self":[{"href":"https:\/\/casacumbia.com\/en\/wp-json\/wp\/v2\/product\/49578","targetHints":{"allow":["GET"]}}],"collection":[{"href":"https:\/\/casacumbia.com\/en\/wp-json\/wp\/v2\/product"}],"about":[{"href":"https:\/\/casacumbia.com\/en\/wp-json\/wp\/v2\/types\/product"}],"replies":[{"embeddable":true,"href":"https:\/\/casacumbia.com\/en\/wp-json\/wp\/v2\/comments?post=49578"}],"version-history":[{"count":1,"href":"https:\/\/casacumbia.com\/en\/wp-json\/wp\/v2\/product\/49578\/revisions"}],"predecessor-version":[{"id":53217,"href":"https:\/\/casacumbia.com\/en\/wp-json\/wp\/v2\/product\/49578\/revisions\/53217"}],"wp:featuredmedia":[{"embeddable":true,"href":"https:\/\/casacumbia.com\/en\/wp-json\/wp\/v2\/media\/29219"}],"wp:attachment":[{"href":"https:\/\/casacumbia.com\/en\/wp-json\/wp\/v2\/media?parent=49578"}],"wp:term":[{"taxonomy":"product_brand","embeddable":true,"href":"https:\/\/casacumbia.com\/en\/wp-json\/wp\/v2\/product_brand?post=49578"},{"taxonomy":"product_cat","embeddable":true,"href":"https:\/\/casacumbia.com\/en\/wp-json\/wp\/v2\/product_cat?post=49578"},{"taxonomy":"product_tag","embeddable":true,"href":"https:\/\/casacumbia.com\/en\/wp-json\/wp\/v2\/product_tag?post=49578"}],"curies":[{"name":"wp","href":"https:\/\/api.w.org\/{rel}","templated":true}]}}