{"id":49575,"date":"2025-07-20T18:15:13","date_gmt":"2025-07-20T16:15:13","guid":{"rendered":"https:\/\/casacumbia.com\/product\/sets-de-table-individuels-argent-festive\/"},"modified":"2025-09-21T15:11:33","modified_gmt":"2025-09-21T13:11:33","slug":"sets-de-table-individuels-argent-festive","status":"publish","type":"product","link":"https:\/\/casacumbia.com\/en\/produit\/sets-de-table-individuels-argent-festive\/","title":{"rendered":"Set de table Carr\u00e9s Argent FESTIVE"},"content":{"rendered":"<p>Avec des tons m\u00e9talliques qui captent la lumi\u00e8re et des motifs qui \u00e9voquent la sophistication, les sets de table Festive apportent \u00e0 votre table une beaut\u00e9 durable.<br \/>Id\u00e9aux pour les c\u00e9l\u00e9brations, mais aussi fonctionnels que votre quotidien l&#8217;exige.<br \/>Associez-les \u00e0 de la vaisselle neutre pour un look intemporel ou osez la couleur pour faire ressortir encore plus l&#8217;\u00e9clat.<\/p>\n<p>Parce que le bon go\u00fbt n&#8217;a pas besoin d&#8217;occasion.<\/p>\n","protected":false},"excerpt":{"rendered":"<p>Avec des tons m\u00e9talliques qui captent la lumi\u00e8re et des motifs qui \u00e9voquent la sophistication, les sets de table Festive<\/p>\n","protected":false},"featured_media":29248,"comment_status":"closed","ping_status":"closed","template":"","meta":[],"product_brand":[],"product_cat":[259],"product_tag":[173,179,172,165,166],"class_list":{"0":"post-49575","1":"product","2":"type-product","3":"status-publish","4":"has-post-thumbnail","6":"product_cat-lingetable","7":"product_tag-grandes-dimensions","8":"product_tag-importation_08-07","9":"product_tag-nouveautes_juillet","10":"product_tag-pas_d_images","11":"product_tag-produits-en-ligne","13":"first","14":"instock","15":"shipping-taxable","16":"purchasable","17":"product-type-simple"},"_links":{"self":[{"href":"https:\/\/casacumbia.com\/en\/wp-json\/wp\/v2\/product\/49575","targetHints":{"allow":["GET"]}}],"collection":[{"href":"https:\/\/casacumbia.com\/en\/wp-json\/wp\/v2\/product"}],"about":[{"href":"https:\/\/casacumbia.com\/en\/wp-json\/wp\/v2\/types\/product"}],"replies":[{"embeddable":true,"href":"https:\/\/casacumbia.com\/en\/wp-json\/wp\/v2\/comments?post=49575"}],"version-history":[{"count":1,"href":"https:\/\/casacumbia.com\/en\/wp-json\/wp\/v2\/product\/49575\/revisions"}],"predecessor-version":[{"id":53706,"href":"https:\/\/casacumbia.com\/en\/wp-json\/wp\/v2\/product\/49575\/revisions\/53706"}],"wp:featuredmedia":[{"embeddable":true,"href":"https:\/\/casacumbia.com\/en\/wp-json\/wp\/v2\/media\/29248"}],"wp:attachment":[{"href":"https:\/\/casacumbia.com\/en\/wp-json\/wp\/v2\/media?parent=49575"}],"wp:term":[{"taxonomy":"product_brand","embeddable":true,"href":"https:\/\/casacumbia.com\/en\/wp-json\/wp\/v2\/product_brand?post=49575"},{"taxonomy":"product_cat","embeddable":true,"href":"https:\/\/casacumbia.com\/en\/wp-json\/wp\/v2\/product_cat?post=49575"},{"taxonomy":"product_tag","embeddable":true,"href":"https:\/\/casacumbia.com\/en\/wp-json\/wp\/v2\/product_tag?post=49575"}],"curies":[{"name":"wp","href":"https:\/\/api.w.org\/{rel}","templated":true}]}}