{"id":49573,"date":"2025-07-20T18:15:13","date_gmt":"2025-07-20T16:15:13","guid":{"rendered":"https:\/\/casacumbia.com\/product\/ensemble-de-2-tables-dappoint-rondes-lapitec\/"},"modified":"2025-09-21T15:11:33","modified_gmt":"2025-09-21T13:11:33","slug":"ensemble-de-2-tables-dappoint-rondes-lapitec","status":"publish","type":"product","link":"https:\/\/casacumbia.com\/en\/produit\/ensemble-de-2-tables-dappoint-rondes-lapitec\/","title":{"rendered":"Ensemble de 2 Tables d&#8217;Appoint Rondes LAPITEC"},"content":{"rendered":"<p>Ensemble de 2 tables rondes avec structure en nid d&#8217;abeille dor\u00e9 : apporte une touche architecturale avec sa base en nid d&#8217;abeille m\u00e9tallique, qui allie transparence et richesse visuelle, renfor\u00e7ant la sophistication du marbre du plateau.<\/p>\n","protected":false},"excerpt":{"rendered":"<p>Ensemble de 2 tables rondes avec structure en nid d&#8217;abeille dor\u00e9 : apporte une touche architecturale avec sa base en<\/p>\n","protected":false},"featured_media":29251,"comment_status":"closed","ping_status":"closed","template":"","meta":[],"product_brand":[],"product_cat":[247],"product_tag":[173,175,172,165,166],"class_list":{"0":"post-49573","1":"product","2":"type-product","3":"status-publish","4":"has-post-thumbnail","6":"product_cat-meublesalon","7":"product_tag-grandes-dimensions","8":"product_tag-importation_04-07","9":"product_tag-nouveautes_juillet","10":"product_tag-pas_d_images","11":"product_tag-produits-en-ligne","13":"first","14":"instock","15":"shipping-taxable","16":"purchasable","17":"product-type-simple"},"_links":{"self":[{"href":"https:\/\/casacumbia.com\/en\/wp-json\/wp\/v2\/product\/49573","targetHints":{"allow":["GET"]}}],"collection":[{"href":"https:\/\/casacumbia.com\/en\/wp-json\/wp\/v2\/product"}],"about":[{"href":"https:\/\/casacumbia.com\/en\/wp-json\/wp\/v2\/types\/product"}],"replies":[{"embeddable":true,"href":"https:\/\/casacumbia.com\/en\/wp-json\/wp\/v2\/comments?post=49573"}],"version-history":[{"count":1,"href":"https:\/\/casacumbia.com\/en\/wp-json\/wp\/v2\/product\/49573\/revisions"}],"predecessor-version":[{"id":53715,"href":"https:\/\/casacumbia.com\/en\/wp-json\/wp\/v2\/product\/49573\/revisions\/53715"}],"wp:featuredmedia":[{"embeddable":true,"href":"https:\/\/casacumbia.com\/en\/wp-json\/wp\/v2\/media\/29251"}],"wp:attachment":[{"href":"https:\/\/casacumbia.com\/en\/wp-json\/wp\/v2\/media?parent=49573"}],"wp:term":[{"taxonomy":"product_brand","embeddable":true,"href":"https:\/\/casacumbia.com\/en\/wp-json\/wp\/v2\/product_brand?post=49573"},{"taxonomy":"product_cat","embeddable":true,"href":"https:\/\/casacumbia.com\/en\/wp-json\/wp\/v2\/product_cat?post=49573"},{"taxonomy":"product_tag","embeddable":true,"href":"https:\/\/casacumbia.com\/en\/wp-json\/wp\/v2\/product_tag?post=49573"}],"curies":[{"name":"wp","href":"https:\/\/api.w.org\/{rel}","templated":true}]}}