{"id":49552,"date":"2025-07-20T18:15:02","date_gmt":"2025-07-20T16:15:02","guid":{"rendered":"https:\/\/casacumbia.com\/product\/assiette-plate-avec-trait-noir-asia\/"},"modified":"2025-09-21T15:11:30","modified_gmt":"2025-09-21T13:11:30","slug":"assiette-plate-avec-trait-noir-asia","status":"publish","type":"product","link":"https:\/\/casacumbia.com\/en\/produit\/assiette-plate-avec-trait-noir-asia\/","title":{"rendered":"Assiette Plate Trait Noir ASIA"},"content":{"rendered":"<p>Inspir\u00e9 par l&#8217;esth\u00e9tique orientale et l&#8217;\u00e9l\u00e9gance du design contemporain, le Service ASIA combine bleu et noir sur blanc dans des motifs g\u00e9om\u00e9triques con\u00e7us pour \u00eatre crois\u00e9s, cr\u00e9ant des compositions sophistiqu\u00e9es et polyvalentes.<\/p>\n<p>Produit en Porcelaine New Bone China, il se compose de quatre motifs diff\u00e9rents dans les deux couleurs Noir et Bleu en assiette plate, assiette \u00e0 dessert, assiette \u00e0 soupe et deux tasses.<\/p>\n<p>Cette collection traduit \u00e9quilibre et modernit\u00e9, \u00e9voquant la simplicit\u00e9 raffin\u00e9e pr\u00e9sente dans les tendances du design oriental.<\/p>\n","protected":false},"excerpt":{"rendered":"<p>Inspir\u00e9 par l&#8217;esth\u00e9tique orientale et l&#8217;\u00e9l\u00e9gance du design contemporain, le Service ASIA combine bleu et noir sur blanc dans des<\/p>\n","protected":false},"featured_media":29087,"comment_status":"closed","ping_status":"closed","template":"","meta":[],"product_brand":[],"product_cat":[283],"product_tag":[168,165,166],"class_list":{"0":"post-49552","1":"product","2":"type-product","3":"status-publish","4":"has-post-thumbnail","6":"product_cat-assiettes","7":"product_tag-nouveautes_juin","8":"product_tag-pas_d_images","9":"product_tag-produits-en-ligne","11":"first","12":"instock","13":"shipping-taxable","14":"purchasable","15":"product-type-simple"},"_links":{"self":[{"href":"https:\/\/casacumbia.com\/en\/wp-json\/wp\/v2\/product\/49552","targetHints":{"allow":["GET"]}}],"collection":[{"href":"https:\/\/casacumbia.com\/en\/wp-json\/wp\/v2\/product"}],"about":[{"href":"https:\/\/casacumbia.com\/en\/wp-json\/wp\/v2\/types\/product"}],"replies":[{"embeddable":true,"href":"https:\/\/casacumbia.com\/en\/wp-json\/wp\/v2\/comments?post=49552"}],"version-history":[{"count":1,"href":"https:\/\/casacumbia.com\/en\/wp-json\/wp\/v2\/product\/49552\/revisions"}],"predecessor-version":[{"id":53689,"href":"https:\/\/casacumbia.com\/en\/wp-json\/wp\/v2\/product\/49552\/revisions\/53689"}],"wp:featuredmedia":[{"embeddable":true,"href":"https:\/\/casacumbia.com\/en\/wp-json\/wp\/v2\/media\/29087"}],"wp:attachment":[{"href":"https:\/\/casacumbia.com\/en\/wp-json\/wp\/v2\/media?parent=49552"}],"wp:term":[{"taxonomy":"product_brand","embeddable":true,"href":"https:\/\/casacumbia.com\/en\/wp-json\/wp\/v2\/product_brand?post=49552"},{"taxonomy":"product_cat","embeddable":true,"href":"https:\/\/casacumbia.com\/en\/wp-json\/wp\/v2\/product_cat?post=49552"},{"taxonomy":"product_tag","embeddable":true,"href":"https:\/\/casacumbia.com\/en\/wp-json\/wp\/v2\/product_tag?post=49552"}],"curies":[{"name":"wp","href":"https:\/\/api.w.org\/{rel}","templated":true}]}}