{"id":49551,"date":"2025-07-20T18:15:01","date_gmt":"2025-07-20T16:15:01","guid":{"rendered":"https:\/\/casacumbia.com\/product\/panier-en-paille-straw\/"},"modified":"2025-09-21T15:11:30","modified_gmt":"2025-09-21T13:11:30","slug":"panier-en-paille-straw","status":"publish","type":"product","link":"https:\/\/casacumbia.com\/en\/produit\/panier-en-paille-straw\/","title":{"rendered":"Panier en Paille STRAW"},"content":{"rendered":"<p>La collection Straw utilise les racines s\u00e9ch\u00e9es de la jacinthe d&#8217;eau douce dans la construction d&#8217;accessoires de table et d&#8217;ustensiles de cuisine qui, en plus de s&#8217;inscrire dans la tendance d&#8217;utilisation de mat\u00e9riaux naturels, offrent fonctionnalit\u00e9 et durabilit\u00e9.<br \/>Un panier, un porte-serviettes, un support de rouleau de cuisine, deux plateaux et un porte-couverts font partie de cette collection qui apportera une touche sp\u00e9ciale \u00e0 votre table et cuisine.<\/p>\n","protected":false},"excerpt":{"rendered":"<p>La collection Straw utilise les racines s\u00e9ch\u00e9es de la jacinthe d&#8217;eau douce dans la construction d&#8217;accessoires de table et d&#8217;ustensiles<\/p>\n","protected":false},"featured_media":29067,"comment_status":"closed","ping_status":"closed","template":"","meta":[],"product_brand":[],"product_cat":[290,204],"product_tag":[175,172,165,176,166],"class_list":{"0":"post-49551","1":"product","2":"type-product","3":"status-publish","4":"has-post-thumbnail","6":"product_cat-boites-paniers","7":"product_cat-promotions-2","8":"product_tag-importation_04-07","9":"product_tag-nouveautes_juillet","10":"product_tag-pas_d_images","11":"product_tag-petites-dimensions","12":"product_tag-produits-en-ligne","14":"first","15":"instock","16":"sale","17":"shipping-taxable","18":"purchasable","19":"product-type-simple"},"_links":{"self":[{"href":"https:\/\/casacumbia.com\/en\/wp-json\/wp\/v2\/product\/49551","targetHints":{"allow":["GET"]}}],"collection":[{"href":"https:\/\/casacumbia.com\/en\/wp-json\/wp\/v2\/product"}],"about":[{"href":"https:\/\/casacumbia.com\/en\/wp-json\/wp\/v2\/types\/product"}],"replies":[{"embeddable":true,"href":"https:\/\/casacumbia.com\/en\/wp-json\/wp\/v2\/comments?post=49551"}],"version-history":[{"count":1,"href":"https:\/\/casacumbia.com\/en\/wp-json\/wp\/v2\/product\/49551\/revisions"}],"predecessor-version":[{"id":53672,"href":"https:\/\/casacumbia.com\/en\/wp-json\/wp\/v2\/product\/49551\/revisions\/53672"}],"wp:featuredmedia":[{"embeddable":true,"href":"https:\/\/casacumbia.com\/en\/wp-json\/wp\/v2\/media\/29067"}],"wp:attachment":[{"href":"https:\/\/casacumbia.com\/en\/wp-json\/wp\/v2\/media?parent=49551"}],"wp:term":[{"taxonomy":"product_brand","embeddable":true,"href":"https:\/\/casacumbia.com\/en\/wp-json\/wp\/v2\/product_brand?post=49551"},{"taxonomy":"product_cat","embeddable":true,"href":"https:\/\/casacumbia.com\/en\/wp-json\/wp\/v2\/product_cat?post=49551"},{"taxonomy":"product_tag","embeddable":true,"href":"https:\/\/casacumbia.com\/en\/wp-json\/wp\/v2\/product_tag?post=49551"}],"curies":[{"name":"wp","href":"https:\/\/api.w.org\/{rel}","templated":true}]}}