{"id":49549,"date":"2025-07-20T18:15:01","date_gmt":"2025-07-20T16:15:01","guid":{"rendered":"https:\/\/casacumbia.com\/product\/ensemble-de-2-tables-dappoint-ulm\/"},"modified":"2025-09-21T15:11:29","modified_gmt":"2025-09-21T13:11:29","slug":"ensemble-de-2-tables-dappoint-ulm","status":"publish","type":"product","link":"https:\/\/casacumbia.com\/en\/produit\/ensemble-de-2-tables-dappoint-ulm\/","title":{"rendered":"Ensemble de 2 Tables d&#8217;Appoint ULM"},"content":{"rendered":"<p>Compact et avec une pr\u00e9sence marqu\u00e9e, cet ensemble de 2 tables combine des g\u00e9om\u00e9tries pr\u00e9cises et des volumes solides. Compos\u00e9 d&#8217;une table ronde avec base conique tourn\u00e9e et d&#8217;une table ovale avec pieds inclin\u00e9s, cet ensemble \u00e9quilibre stabilit\u00e9 visuelle et l\u00e9g\u00e8ret\u00e9 formelle. <\/p>\n<p>C&#8217;est le choix id\u00e9al pour les environnements sophistiqu\u00e9s qui recherchent des pi\u00e8ces d&#8217;appoint avec identit\u00e9 et d\u00e9tails de menuiserie raffin\u00e9s.<\/p>\n","protected":false},"excerpt":{"rendered":"<p>Compact et avec une pr\u00e9sence marqu\u00e9e, cet ensemble de 2 tables combine des g\u00e9om\u00e9tries pr\u00e9cises et des volumes solides. Compos\u00e9<\/p>\n","protected":false},"featured_media":29072,"comment_status":"closed","ping_status":"closed","template":"","meta":[],"product_brand":[],"product_cat":[247],"product_tag":[173,167,172,165,166],"class_list":{"0":"post-49549","1":"product","2":"type-product","3":"status-publish","4":"has-post-thumbnail","6":"product_cat-meublesalon","7":"product_tag-grandes-dimensions","8":"product_tag-importation_10-07","9":"product_tag-nouveautes_juillet","10":"product_tag-pas_d_images","11":"product_tag-produits-en-ligne","13":"first","14":"instock","15":"shipping-taxable","16":"purchasable","17":"product-type-simple"},"_links":{"self":[{"href":"https:\/\/casacumbia.com\/en\/wp-json\/wp\/v2\/product\/49549","targetHints":{"allow":["GET"]}}],"collection":[{"href":"https:\/\/casacumbia.com\/en\/wp-json\/wp\/v2\/product"}],"about":[{"href":"https:\/\/casacumbia.com\/en\/wp-json\/wp\/v2\/types\/product"}],"replies":[{"embeddable":true,"href":"https:\/\/casacumbia.com\/en\/wp-json\/wp\/v2\/comments?post=49549"}],"version-history":[{"count":1,"href":"https:\/\/casacumbia.com\/en\/wp-json\/wp\/v2\/product\/49549\/revisions"}],"predecessor-version":[{"id":53670,"href":"https:\/\/casacumbia.com\/en\/wp-json\/wp\/v2\/product\/49549\/revisions\/53670"}],"wp:featuredmedia":[{"embeddable":true,"href":"https:\/\/casacumbia.com\/en\/wp-json\/wp\/v2\/media\/29072"}],"wp:attachment":[{"href":"https:\/\/casacumbia.com\/en\/wp-json\/wp\/v2\/media?parent=49549"}],"wp:term":[{"taxonomy":"product_brand","embeddable":true,"href":"https:\/\/casacumbia.com\/en\/wp-json\/wp\/v2\/product_brand?post=49549"},{"taxonomy":"product_cat","embeddable":true,"href":"https:\/\/casacumbia.com\/en\/wp-json\/wp\/v2\/product_cat?post=49549"},{"taxonomy":"product_tag","embeddable":true,"href":"https:\/\/casacumbia.com\/en\/wp-json\/wp\/v2\/product_tag?post=49549"}],"curies":[{"name":"wp","href":"https:\/\/api.w.org\/{rel}","templated":true}]}}