{"id":41052,"date":"2025-07-20T18:21:23","date_gmt":"2025-07-20T16:21:23","guid":{"rendered":"https:\/\/casacumbia.com\/?post_type=product&#038;p=41052"},"modified":"2025-09-04T16:04:32","modified_gmt":"2025-09-04T14:04:32","slug":"sofa-modular-bege-cotillard","status":"publish","type":"product","link":"https:\/\/casacumbia.com\/en\/product\/sofa-modular-bege-cotillard\/","title":{"rendered":"Sofa modular bege COTILLARD"},"content":{"rendered":"<div data-content-type=\"row\" data-appearance=\"contained\" data-element=\"main\">\n<div data-enable-parallax=\"0\" data-parallax-speed=\"0.5\" data-background-images=\"{}\" data-background-type=\"image\" data-video-loop=\"true\" data-video-play-only-visible=\"true\" data-video-lazy-load=\"true\" data-video-fallback-src=\"\" data-element=\"inner\" data-pb-style=\"673C5D270E54A\"><span data-sheets-root=\"1\">Os sof\u00e1s Gato Preto apostam em materiais de qualidade, que, aliados ao know how dos artes\u00e3os e a m\u00e9todos de constru\u00e7\u00e3o tradicionais com t\u00e9cnicas inovadoras, garantem a qualidade e robustez dos sof\u00e1s. A combina\u00e7\u00e3o entre diferentes t\u00e9cnicas de acabamento e os diferentes revestimentos culmina em pormenores que tornam os sof\u00e1s \u00fanicos e diferenciadores.<\/p>\n<p>O Sof\u00e1 Cotillard \u00e9 indicado para quem procura um sof\u00e1 vers\u00e1til, confort\u00e1vel, pratico, funcional e design.<br \/>\nEste sof\u00e1 \u00e9 constituido por m\u00f3dulos individuais, que se unem a partir de um gancho macho e f\u00eamea permitindo fixar os m\u00f3dulos para que n\u00e3o se separarem.<br \/>\nPara separar o m\u00f3dulo basta levantar o mesmo.<br \/>\nAssim este modelo de sof\u00e1 permite ao cliente criar o seu pr\u00f3prio sof\u00e1 com os m\u00f3dulos dispon\u00edveis, conseguindo desta forma otimizar o espa\u00e7o.<br \/>\nO modelo bege do Sof\u00e1 Cotillard tem prazo de entrega estimado de, pelo menos, 2 meses.<\/span><\/div>\n<\/div>\n<style>#html-body [data-pb-style=\"673C5D270E54A\"]{justify-content: flex-start; display: flex; flex-direction: column; background-position: left top; background-size: cover; background-repeat: no-repeat; background-attachment: scroll; border-style: none; border-width: 1px; border-radius: 0px; margin: 0px 0px 10px; padding: 10px;}<\/style>\n","protected":false},"excerpt":{"rendered":"<p>Os sof\u00e1s Gato Preto apostam em materiais de qualidade, que, aliados ao know how dos artes\u00e3os e a m\u00e9todos de<\/p>\n","protected":false},"featured_media":33706,"comment_status":"closed","ping_status":"closed","template":"","meta":[],"product_brand":[],"product_cat":[149,134],"product_tag":[85,87],"class_list":{"0":"post-41052","1":"product","2":"type-product","3":"status-publish","4":"has-post-thumbnail","6":"product_cat-furniture-2","7":"product_cat-promotions","8":"product_tag-store_default","9":"product_tag-store_es_es","11":"first","12":"instock","13":"sale","14":"shipping-taxable","15":"purchasable","16":"product-type-simple"},"_links":{"self":[{"href":"https:\/\/casacumbia.com\/en\/wp-json\/wp\/v2\/product\/41052","targetHints":{"allow":["GET"]}}],"collection":[{"href":"https:\/\/casacumbia.com\/en\/wp-json\/wp\/v2\/product"}],"about":[{"href":"https:\/\/casacumbia.com\/en\/wp-json\/wp\/v2\/types\/product"}],"replies":[{"embeddable":true,"href":"https:\/\/casacumbia.com\/en\/wp-json\/wp\/v2\/comments?post=41052"}],"version-history":[{"count":2,"href":"https:\/\/casacumbia.com\/en\/wp-json\/wp\/v2\/product\/41052\/revisions"}],"predecessor-version":[{"id":53803,"href":"https:\/\/casacumbia.com\/en\/wp-json\/wp\/v2\/product\/41052\/revisions\/53803"}],"wp:featuredmedia":[{"embeddable":true,"href":"https:\/\/casacumbia.com\/en\/wp-json\/wp\/v2\/media\/33706"}],"wp:attachment":[{"href":"https:\/\/casacumbia.com\/en\/wp-json\/wp\/v2\/media?parent=41052"}],"wp:term":[{"taxonomy":"product_brand","embeddable":true,"href":"https:\/\/casacumbia.com\/en\/wp-json\/wp\/v2\/product_brand?post=41052"},{"taxonomy":"product_cat","embeddable":true,"href":"https:\/\/casacumbia.com\/en\/wp-json\/wp\/v2\/product_cat?post=41052"},{"taxonomy":"product_tag","embeddable":true,"href":"https:\/\/casacumbia.com\/en\/wp-json\/wp\/v2\/product_tag?post=41052"}],"curies":[{"name":"wp","href":"https:\/\/api.w.org\/{rel}","templated":true}]}}