{"id":37386,"date":"2025-07-13T17:52:04","date_gmt":"2025-07-13T15:52:04","guid":{"rendered":"https:\/\/casacumbia.com\/?page_id=37386"},"modified":"2025-09-29T14:47:16","modified_gmt":"2025-09-29T12:47:16","slug":"shipping-and-delivery","status":"publish","type":"page","link":"https:\/\/casacumbia.com\/en\/shipping-and-delivery\/","title":{"rendered":"Shipping and Delivery"},"content":{"rendered":"\t\t<div data-elementor-type=\"wp-page\" data-elementor-id=\"37386\" class=\"elementor elementor-37386\" data-elementor-post-type=\"page\">\n\t\t\t\t<div class=\"wd-negative-gap elementor-element elementor-element-2e2a1c3 e-flex e-con-boxed e-con e-parent\" data-id=\"2e2a1c3\" data-element_type=\"container\" data-e-type=\"container\">\n\t\t\t\t\t<div class=\"e-con-inner\">\n\t\t\t\t<div class=\"elementor-element elementor-element-f566796 color-scheme-inherit text-left elementor-widget elementor-widget-text-editor\" data-id=\"f566796\" data-element_type=\"widget\" data-e-type=\"widget\" data-widget_type=\"text-editor.default\">\n\t\t\t\t\t\t\t\t\t<div class=\"shopify-policy__title\"><h1 data-start=\"213\" data-end=\"240\">EXP\u00c9DITION ET LIVRAISON<\/h1><h2 data-start=\"242\" data-end=\"260\">1. Exp\u00e9dition<\/h2><p data-start=\"261\" data-end=\"345\">Le traitement de la commande d\u00e9bute uniquement apr\u00e8s <strong data-start=\"314\" data-end=\"342\">confirmation du paiement<\/strong>.<\/p><h2 data-start=\"347\" data-end=\"373\">2. Modes de livraison<\/h2><p data-start=\"375\" data-end=\"419\">Vous disposez de deux modes de livraison :<\/p><ul data-start=\"420\" data-end=\"596\"><li data-start=\"420\" data-end=\"501\"><p data-start=\"422\" data-end=\"501\"><strong data-start=\"422\" data-end=\"446\">Livraison \u00e0 domicile<\/strong> (standard ou exclusive pour les articles volumineux)<\/p><\/li><\/ul><h3 data-start=\"598\" data-end=\"662\"><strong data-start=\"602\" data-end=\"660\">Livraison \u00e0 domicile (France m\u00e9tropolitaine et Europe)<\/strong><\/h3><p data-start=\"663\" data-end=\"860\">Les livraisons sont assur\u00e9es par transporteur du lundi au vendredi, entre 9h et 18h. Le transporteur vous informera de la date et du cr\u00e9neau horaire (matin\/apr\u00e8s-midi) <strong data-start=\"831\" data-end=\"857\">24h avant la livraison<\/strong>.<\/p><h4 data-start=\"862\" data-end=\"893\">Petits volumes (Express)<\/h4><ul data-start=\"894\" data-end=\"1027\"><li data-start=\"894\" data-end=\"947\"><p data-start=\"896\" data-end=\"947\"><strong data-start=\"896\" data-end=\"921\">France m\u00e9tropolitaine<\/strong> : 5 \u00e0 10 jours ouvrables<\/p><\/li><li data-start=\"948\" data-end=\"1027\"><p data-start=\"950\" data-end=\"1027\"><strong data-start=\"950\" data-end=\"970\">Union Europ\u00e9enne<\/strong> : 6 \u00e0 12 jours ouvrables (selon le pays de destination)<\/p><\/li><\/ul><p data-start=\"1029\" data-end=\"1079\"><strong data-start=\"1029\" data-end=\"1075\">Frais de livraison (France m\u00e9tropolitaine)<\/strong> :<\/p><ul data-start=\"1080\" data-end=\"1138\"><li data-start=\"1080\" data-end=\"1108\"><p data-start=\"1082\" data-end=\"1108\">Commande \u2264 99 \u20ac : 5,99 \u20ac<\/p><\/li><li data-start=\"1109\" data-end=\"1138\"><p data-start=\"1111\" data-end=\"1138\">Commande &gt; 99 \u20ac : Gratuit<\/p><\/li><\/ul><p data-start=\"1140\" data-end=\"1230\"><strong data-start=\"1140\" data-end=\"1160\">Union Europ\u00e9enne<\/strong> : frais variables selon le pays, communiqu\u00e9s au moment du paiement.<\/p><h4 data-start=\"1232\" data-end=\"1300\">Articles volumineux (meubles, canap\u00e9s, \u00e9lectrom\u00e9nagers, etc.)<\/h4><p data-start=\"1301\" data-end=\"1402\">Les articles signal\u00e9s comme <em data-start=\"1329\" data-end=\"1364\">\u201cLivraison \u00e0 domicile uniquement\u201d<\/em> disposent de services sp\u00e9cifiques :<\/p><ul data-start=\"1404\" data-end=\"1725\"><li data-start=\"1404\" data-end=\"1585\"><p data-start=\"1406\" data-end=\"1585\"><strong data-start=\"1406\" data-end=\"1462\">Livraison LIGHT (devant l\u2019immeuble\/porte principale)<\/strong> : d\u00e9p\u00f4t au rez-de-chauss\u00e9e. \u00c0 la charge du client de transporter le produit jusqu\u2019\u00e0 son logement. Pas de montage inclus.<\/p><\/li><li data-start=\"1586\" data-end=\"1725\"><p data-start=\"1588\" data-end=\"1725\"><strong data-start=\"1588\" data-end=\"1634\">Livraison PLUS (\u00e0 l\u2019int\u00e9rieur du domicile)<\/strong> : livraison jusque dans la pi\u00e8ce souhait\u00e9e. Possibilit\u00e9 de choisir avec ou sans montage.<\/p><\/li><\/ul><p data-start=\"1727\" data-end=\"1960\">\u26a0\ufe0f Le service n\u2019inclut pas de levage par grue ni de service particulier si l\u2019article ne passe pas par l\u2019entr\u00e9e principale, l\u2019ascenseur ou l\u2019escalier. Dans ce cas, un prestataire externe peut \u00eatre recommand\u00e9 (\u00e0 la charge du client).<\/p><p data-start=\"1962\" data-end=\"2111\">Avant toute commande, le client doit <strong data-start=\"1999\" data-end=\"2083\">v\u00e9rifier les dimensions de l\u2019article et les acc\u00e8s (portes, escaliers, ascenseur)<\/strong> pour \u00e9viter les impr\u00e9vus.<\/p><p data-start=\"2113\" data-end=\"2165\"><strong data-start=\"2113\" data-end=\"2161\">D\u00e9lais estim\u00e9s (hors p\u00e9riode promotionnelle)<\/strong> :<\/p><ul data-start=\"2166\" data-end=\"2352\"><li data-start=\"2166\" data-end=\"2257\"><p data-start=\"2168\" data-end=\"2257\">France m\u00e9tropolitaine : en moyenne 20 \u00e0 30 jours ouvrables pour les meubles et canap\u00e9s.<\/p><\/li><li data-start=\"2258\" data-end=\"2352\"><p data-start=\"2260\" data-end=\"2352\">Union Europ\u00e9enne : d\u00e9lais variables selon le pays (souvent plus longs que pour la France).<\/p><\/li><\/ul><p data-start=\"2354\" data-end=\"2448\">En p\u00e9riode de forte activit\u00e9 (soldes, promotions, f\u00eates), les d\u00e9lais peuvent \u00eatre prolong\u00e9s.<\/p><h4 data-start=\"2450\" data-end=\"2492\">Assemblage (option PLUS uniquement)<\/h4><ul data-start=\"2493\" data-end=\"2655\"><li data-start=\"2493\" data-end=\"2530\"><p data-start=\"2495\" data-end=\"2530\">Chaises et tabourets : 10 \u20ac\/pi\u00e8ce<\/p><\/li><li data-start=\"2531\" data-end=\"2589\"><p data-start=\"2533\" data-end=\"2589\">Tables basses, tables \u00e0 manger, fauteuils : 30 \u20ac\/pi\u00e8ce<\/p><\/li><li data-start=\"2590\" data-end=\"2622\"><p data-start=\"2592\" data-end=\"2622\">Canap\u00e9s et lits : 50 \u20ac\/pi\u00e8ce<\/p><\/li><li data-start=\"2623\" data-end=\"2655\"><p data-start=\"2625\" data-end=\"2655\">Autres articles : 20 \u20ac\/pi\u00e8ce<\/p><\/li><\/ul><\/div>\t\t\t\t\t\t\t\t<\/div>\n\t\t\t\t\t<\/div>\n\t\t\t\t<\/div>\n\t\t\t\t<\/div>\n\t\t","protected":false},"excerpt":{"rendered":"<p>EXP\u00c9DITION ET LIVRAISON 1. Exp\u00e9dition Le traitement de la commande d\u00e9bute uniquement apr\u00e8s confirmation du paiement. 2. Modes de livraison<\/p>\n","protected":false},"author":1,"featured_media":0,"parent":0,"menu_order":0,"comment_status":"closed","ping_status":"closed","template":"elementor_header_footer","meta":{"footnotes":""},"class_list":["post-37386","page","type-page","status-publish","hentry"],"_links":{"self":[{"href":"https:\/\/casacumbia.com\/en\/wp-json\/wp\/v2\/pages\/37386","targetHints":{"allow":["GET"]}}],"collection":[{"href":"https:\/\/casacumbia.com\/en\/wp-json\/wp\/v2\/pages"}],"about":[{"href":"https:\/\/casacumbia.com\/en\/wp-json\/wp\/v2\/types\/page"}],"author":[{"embeddable":true,"href":"https:\/\/casacumbia.com\/en\/wp-json\/wp\/v2\/users\/1"}],"replies":[{"embeddable":true,"href":"https:\/\/casacumbia.com\/en\/wp-json\/wp\/v2\/comments?post=37386"}],"version-history":[{"count":7,"href":"https:\/\/casacumbia.com\/en\/wp-json\/wp\/v2\/pages\/37386\/revisions"}],"predecessor-version":[{"id":54826,"href":"https:\/\/casacumbia.com\/en\/wp-json\/wp\/v2\/pages\/37386\/revisions\/54826"}],"wp:attachment":[{"href":"https:\/\/casacumbia.com\/en\/wp-json\/wp\/v2\/media?parent=37386"}],"curies":[{"name":"wp","href":"https:\/\/api.w.org\/{rel}","templated":true}]}}